{"id":111,"date":"2013-01-03T17:34:30","date_gmt":"2013-01-03T16:34:30","guid":{"rendered":"http:\/\/ecospace.beauvais.fr\/?page_id=111"},"modified":"2022-06-15T14:48:09","modified_gmt":"2022-06-15T13:48:09","slug":"letable","status":"publish","type":"page","link":"https:\/\/ecospace.beauvais.fr\/?page_id=111","title":{"rendered":"L&rsquo;\u00e9table"},"content":{"rendered":"<p style=\"text-align: center;\">\u00c0 l\u2019origine l\u2019\u00e9table servait \u00e0 l\u2019\u00e9levage des vaches.<\/p>\n<p style=\"text-align: center;\"><strong>&nbsp;Au rez-de-chauss\u00e9e<\/strong> sont mis \u00e0 disposition des structures une salle d\u2019animation pour des activit\u00e9s pour tous les publics et un laboratoire permettant par exemple d\u2019observer et de d\u00e9couvrir des organismes vivants suite \u00e0 des sorties de terrain.<\/p>\n<p><img loading=\"lazy\" decoding=\"async\" class=\"wp-image-1485 aligncenter\" src=\"https:\/\/ecospace.beauvais.fr\/wp-content\/uploads\/2020\/07\/RDC.jpg\" alt=\"\" width=\"564\" height=\"233\" srcset=\"https:\/\/ecospace.beauvais.fr\/wp-content\/uploads\/2020\/07\/RDC.jpg 885w, https:\/\/ecospace.beauvais.fr\/wp-content\/uploads\/2020\/07\/RDC-300x124.jpg 300w, https:\/\/ecospace.beauvais.fr\/wp-content\/uploads\/2020\/07\/RDC-768x318.jpg 768w\" sizes=\"(max-width: 564px) 100vw, 564px\" \/><\/p>\n<p style=\"text-align: center;\"><strong>Au 1<sup>er<\/sup> \u00e9tage<\/strong>, une salle de r\u00e9union permet de mener entre autre des activit\u00e9s pour tous les publics.<\/p>\n<p style=\"text-align: center;\">Des associations y ont aussi leurs bureaux :<\/p>\n<p style=\"text-align: center;\">Association de Lutte pour l\u2019Environnement en Picardie \/ Beauvais z\u00e9ro d\u00e9chet \/ Collembole et Cie \/ Conservatoire d\u2019Espaces Naturels des hauts-de-France \/ Oisux<\/p>\n<p><img loading=\"lazy\" decoding=\"async\" class=\"wp-image-1486 aligncenter\" src=\"https:\/\/ecospace.beauvais.fr\/wp-content\/uploads\/2020\/07\/Etage-1024x291.jpg\" alt=\"\" width=\"694\" height=\"197\" srcset=\"https:\/\/ecospace.beauvais.fr\/wp-content\/uploads\/2020\/07\/Etage-1024x291.jpg 1024w, https:\/\/ecospace.beauvais.fr\/wp-content\/uploads\/2020\/07\/Etage-300x85.jpg 300w, https:\/\/ecospace.beauvais.fr\/wp-content\/uploads\/2020\/07\/Etage-768x219.jpg 768w, https:\/\/ecospace.beauvais.fr\/wp-content\/uploads\/2020\/07\/Etage.jpg 1272w\" sizes=\"(max-width: 694px) 100vw, 694px\" \/><\/p>\n\n\n<p><\/p>\n","protected":false},"excerpt":{"rendered":"<p>\u00c0 l\u2019origine l\u2019\u00e9table servait \u00e0 l\u2019\u00e9levage des vaches. &nbsp;Au rez-de-chauss\u00e9e sont mis \u00e0 disposition des structures une salle d\u2019animation pour des activit\u00e9s pour tous les publics et un laboratoire permettant par exemple d\u2019observer et de d\u00e9couvrir des organismes vivants suite \u00e0 des sorties de terrain. Au 1er \u00e9tage, une salle de r\u00e9union permet de mener entre autre des activit\u00e9s pour<\/p>\n","protected":false},"author":1,"featured_media":1489,"parent":44,"menu_order":0,"comment_status":"closed","ping_status":"open","template":"","meta":{"_et_pb_use_builder":"","_et_pb_old_content":"","_et_gb_content_width":"","footnotes":""},"_links":{"self":[{"href":"https:\/\/ecospace.beauvais.fr\/index.php?rest_route=\/wp\/v2\/pages\/111"}],"collection":[{"href":"https:\/\/ecospace.beauvais.fr\/index.php?rest_route=\/wp\/v2\/pages"}],"about":[{"href":"https:\/\/ecospace.beauvais.fr\/index.php?rest_route=\/wp\/v2\/types\/page"}],"author":[{"embeddable":true,"href":"https:\/\/ecospace.beauvais.fr\/index.php?rest_route=\/wp\/v2\/users\/1"}],"replies":[{"embeddable":true,"href":"https:\/\/ecospace.beauvais.fr\/index.php?rest_route=%2Fwp%2Fv2%2Fcomments&post=111"}],"version-history":[{"count":14,"href":"https:\/\/ecospace.beauvais.fr\/index.php?rest_route=\/wp\/v2\/pages\/111\/revisions"}],"predecessor-version":[{"id":1513,"href":"https:\/\/ecospace.beauvais.fr\/index.php?rest_route=\/wp\/v2\/pages\/111\/revisions\/1513"}],"up":[{"embeddable":true,"href":"https:\/\/ecospace.beauvais.fr\/index.php?rest_route=\/wp\/v2\/pages\/44"}],"wp:featuredmedia":[{"embeddable":true,"href":"https:\/\/ecospace.beauvais.fr\/index.php?rest_route=\/wp\/v2\/media\/1489"}],"wp:attachment":[{"href":"https:\/\/ecospace.beauvais.fr\/index.php?rest_route=%2Fwp%2Fv2%2Fmedia&parent=111"}],"curies":[{"name":"wp","href":"https:\/\/api.w.org\/{rel}","templated":true}]}}