{"id":1114,"date":"2018-07-24T13:17:29","date_gmt":"2018-07-24T12:17:29","guid":{"rendered":"http:\/\/ecospace.beauvais.fr\/?page_id=1114"},"modified":"2022-06-15T14:48:09","modified_gmt":"2022-06-15T13:48:09","slug":"la-grange","status":"publish","type":"page","link":"https:\/\/ecospace.beauvais.fr\/?page_id=1114","title":{"rendered":"La grange"},"content":{"rendered":"<p><strong>La grange<\/strong>, construite vers 1860, \u00e9tait utilis\u00e9e pour stocker du mat\u00e9riel agricole et du foin. Elle est en cours de r\u00e9novation depuis 2009.<\/p>\n<p>La toiture a \u00e9t\u00e9 restaur\u00e9e en 2010 : d\u00e9montage et remontage&nbsp;de la toiture et de l\u2019armature en bois par des entreprises et pose de lattes et du torchis par le chantier d\u2019insertion.<\/p>\n<p>La restauration en cours permet de reprendre les m\u00e9thodes de construction ancienne et d\u2019utiliser des mat\u00e9riaux sains tels que l\u2019argile, la pierre, la brique et le bois.<\/p>\n<p>Le but de la r\u00e9novation de la grange est de cr\u00e9er un espace typique et de caract\u00e8re pouvant accueillir des s\u00e9minaires, des expositions, des ateliers\u2026<\/p>\n<p><img loading=\"lazy\" decoding=\"async\" class=\"alignnone size-full wp-image-1116\" src=\"https:\/\/ecospace.beauvais.fr\/wp-content\/uploads\/2018\/07\/process-grange.jpg\" alt=\"\" width=\"772\" height=\"185\" srcset=\"https:\/\/ecospace.beauvais.fr\/wp-content\/uploads\/2018\/07\/process-grange.jpg 772w, https:\/\/ecospace.beauvais.fr\/wp-content\/uploads\/2018\/07\/process-grange-300x72.jpg 300w, https:\/\/ecospace.beauvais.fr\/wp-content\/uploads\/2018\/07\/process-grange-768x184.jpg 768w\" sizes=\"(max-width: 772px) 100vw, 772px\" \/><\/p>\n","protected":false},"excerpt":{"rendered":"<p>La grange, construite vers 1860, \u00e9tait utilis\u00e9e pour stocker du mat\u00e9riel agricole et du foin. Elle est en cours de r\u00e9novation depuis 2009. La toiture a \u00e9t\u00e9 restaur\u00e9e en 2010 : d\u00e9montage et remontage&nbsp;de la toiture et de l\u2019armature en bois par des entreprises et pose de lattes et du torchis par le chantier d\u2019insertion. La restauration en cours permet<\/p>\n","protected":false},"author":1,"featured_media":1475,"parent":44,"menu_order":0,"comment_status":"closed","ping_status":"closed","template":"","meta":{"_et_pb_use_builder":"","_et_pb_old_content":"","_et_gb_content_width":"","footnotes":""},"_links":{"self":[{"href":"https:\/\/ecospace.beauvais.fr\/index.php?rest_route=\/wp\/v2\/pages\/1114"}],"collection":[{"href":"https:\/\/ecospace.beauvais.fr\/index.php?rest_route=\/wp\/v2\/pages"}],"about":[{"href":"https:\/\/ecospace.beauvais.fr\/index.php?rest_route=\/wp\/v2\/types\/page"}],"author":[{"embeddable":true,"href":"https:\/\/ecospace.beauvais.fr\/index.php?rest_route=\/wp\/v2\/users\/1"}],"replies":[{"embeddable":true,"href":"https:\/\/ecospace.beauvais.fr\/index.php?rest_route=%2Fwp%2Fv2%2Fcomments&post=1114"}],"version-history":[{"count":6,"href":"https:\/\/ecospace.beauvais.fr\/index.php?rest_route=\/wp\/v2\/pages\/1114\/revisions"}],"predecessor-version":[{"id":1477,"href":"https:\/\/ecospace.beauvais.fr\/index.php?rest_route=\/wp\/v2\/pages\/1114\/revisions\/1477"}],"up":[{"embeddable":true,"href":"https:\/\/ecospace.beauvais.fr\/index.php?rest_route=\/wp\/v2\/pages\/44"}],"wp:featuredmedia":[{"embeddable":true,"href":"https:\/\/ecospace.beauvais.fr\/index.php?rest_route=\/wp\/v2\/media\/1475"}],"wp:attachment":[{"href":"https:\/\/ecospace.beauvais.fr\/index.php?rest_route=%2Fwp%2Fv2%2Fmedia&parent=1114"}],"curies":[{"name":"wp","href":"https:\/\/api.w.org\/{rel}","templated":true}]}}