{"id":1162,"date":"2018-09-18T11:15:19","date_gmt":"2018-09-18T10:15:19","guid":{"rendered":"http:\/\/ecospace.beauvais.fr\/?page_id=1162"},"modified":"2022-06-15T14:48:08","modified_gmt":"2022-06-15T13:48:08","slug":"correlation","status":"publish","type":"page","link":"https:\/\/ecospace.beauvais.fr\/?page_id=1162","title":{"rendered":"CORRELATION"},"content":{"rendered":"<p><img loading=\"lazy\" decoding=\"async\" class=\"size-thumbnail wp-image-1160 alignleft\" src=\"https:\/\/ecospace.beauvais.fr\/wp-content\/uploads\/2018\/09\/Logo-corrrelation-170x142.jpg\" alt=\"\" width=\"170\" height=\"142\" \/>CORRELATION est une association loi 1901,\u00a0 disposant d&rsquo;une \u00e9quipe\u00a0\u00a0motiv\u00e9e et de moyens\u00a0concrets pour mener \u00e0 bien les animations de d\u00e9couverte de la nature propos\u00e9es.<\/p>\n<p>L&rsquo;association CORRELATION travaille en bonne entente et s&rsquo;appuie sur des partenaires\u00a0de m\u00eame sensibilit\u00e9, n&rsquo;h\u00e9sitant pas \u00e0 travailler en r\u00e9seau avec d&rsquo;autres associations afin de mutualiser nos efforts pour une meilleure d\u00e9couverte de la nature.<\/p>\n<p>Sorties nature, ateliers de d\u00e9couverte, atelier compostage, formations guide composteur.<\/p>\n<p><a href=\"https:\/\/www.decouverte-nature-oise.com\/\">https:\/\/www.decouverte-nature-oise.com\/<\/a><\/p>\n","protected":false},"excerpt":{"rendered":"<p>CORRELATION est une association loi 1901,\u00a0 disposant d&rsquo;une \u00e9quipe\u00a0\u00a0motiv\u00e9e et de moyens\u00a0concrets pour mener \u00e0 bien les animations de d\u00e9couverte de la nature propos\u00e9es. L&rsquo;association CORRELATION travaille en bonne entente et s&rsquo;appuie sur des partenaires\u00a0de m\u00eame sensibilit\u00e9, n&rsquo;h\u00e9sitant pas \u00e0 travailler en r\u00e9seau avec d&rsquo;autres associations afin de mutualiser nos efforts pour une meilleure d\u00e9couverte de la nature. Sorties nature,<\/p>\n","protected":false},"author":1,"featured_media":0,"parent":0,"menu_order":0,"comment_status":"closed","ping_status":"closed","template":"","meta":{"_et_pb_use_builder":"","_et_pb_old_content":"","_et_gb_content_width":"","footnotes":""},"_links":{"self":[{"href":"https:\/\/ecospace.beauvais.fr\/index.php?rest_route=\/wp\/v2\/pages\/1162"}],"collection":[{"href":"https:\/\/ecospace.beauvais.fr\/index.php?rest_route=\/wp\/v2\/pages"}],"about":[{"href":"https:\/\/ecospace.beauvais.fr\/index.php?rest_route=\/wp\/v2\/types\/page"}],"author":[{"embeddable":true,"href":"https:\/\/ecospace.beauvais.fr\/index.php?rest_route=\/wp\/v2\/users\/1"}],"replies":[{"embeddable":true,"href":"https:\/\/ecospace.beauvais.fr\/index.php?rest_route=%2Fwp%2Fv2%2Fcomments&post=1162"}],"version-history":[{"count":2,"href":"https:\/\/ecospace.beauvais.fr\/index.php?rest_route=\/wp\/v2\/pages\/1162\/revisions"}],"predecessor-version":[{"id":1850,"href":"https:\/\/ecospace.beauvais.fr\/index.php?rest_route=\/wp\/v2\/pages\/1162\/revisions\/1850"}],"wp:attachment":[{"href":"https:\/\/ecospace.beauvais.fr\/index.php?rest_route=%2Fwp%2Fv2%2Fmedia&parent=1162"}],"curies":[{"name":"wp","href":"https:\/\/api.w.org\/{rel}","templated":true}]}}