{"id":1165,"date":"2018-09-18T12:53:09","date_gmt":"2018-09-18T11:53:09","guid":{"rendered":"http:\/\/ecospace.beauvais.fr\/?page_id=1165"},"modified":"2022-06-15T14:48:08","modified_gmt":"2022-06-15T13:48:08","slug":"collembole-et-cie","status":"publish","type":"page","link":"https:\/\/ecospace.beauvais.fr\/?page_id=1165","title":{"rendered":"Collembole et Cie"},"content":{"rendered":"<p><img loading=\"lazy\" decoding=\"async\" class=\"wp-image-1166 alignleft\" src=\"https:\/\/ecospace.beauvais.fr\/wp-content\/uploads\/2018\/09\/logo-collembole-e1537271537386.jpg\" alt=\"\" width=\"185\" height=\"116\" \/>L\u2019objectif de l\u2019association est de sensibiliser \u00e0 la conservation de la terre nourrici\u00e8re par\u00a0la\u00a0pr\u00e9servation\u00a0des ressources et la valorisation de nos d\u00e9chets organiques\u00a0par la cr\u00e9ation ou le d\u00e9veloppement d\u2019actions de compostage sous toutes ses formes ainsi que\u00a0 toute autres actions favorisant le recyclage et l\u2019autonomie.<\/p>\n<p>\u2022 Atelier de confection le dimanche matin (d\u00e9butant ou exp\u00e9riment\u00e9)<br \/>\u2022 Plantes et bien \u00eatre : cueillette et utilisation d\u2019une plante sauvage ou aromatique.<\/p>\n<p>Accueil sur le site pour groupe ou classe.<\/p>\n<p><a href=\"contact@collembole.fr\">contact@collembole.fr<\/a><\/p>\n<p><a href=\"http:\/\/collembole.fr\/\">http:\/\/collembole.fr\/<\/a><\/p>\n<p>06 11 52 55 87<\/p>\n\n\n<p><\/p>\n","protected":false},"excerpt":{"rendered":"<p>L\u2019objectif de l\u2019association est de sensibiliser \u00e0 la conservation de la terre nourrici\u00e8re par\u00a0la\u00a0pr\u00e9servation\u00a0des ressources et la valorisation de nos d\u00e9chets organiques\u00a0par la cr\u00e9ation ou le d\u00e9veloppement d\u2019actions de compostage sous toutes ses formes ainsi que\u00a0 toute autres actions favorisant le recyclage et l\u2019autonomie. \u2022 Atelier de confection le dimanche matin (d\u00e9butant ou exp\u00e9riment\u00e9)\u2022 Plantes et bien \u00eatre : cueillette<\/p>\n","protected":false},"author":1,"featured_media":0,"parent":0,"menu_order":0,"comment_status":"closed","ping_status":"closed","template":"","meta":{"_et_pb_use_builder":"","_et_pb_old_content":"","_et_gb_content_width":"","footnotes":""},"_links":{"self":[{"href":"https:\/\/ecospace.beauvais.fr\/index.php?rest_route=\/wp\/v2\/pages\/1165"}],"collection":[{"href":"https:\/\/ecospace.beauvais.fr\/index.php?rest_route=\/wp\/v2\/pages"}],"about":[{"href":"https:\/\/ecospace.beauvais.fr\/index.php?rest_route=\/wp\/v2\/types\/page"}],"author":[{"embeddable":true,"href":"https:\/\/ecospace.beauvais.fr\/index.php?rest_route=\/wp\/v2\/users\/1"}],"replies":[{"embeddable":true,"href":"https:\/\/ecospace.beauvais.fr\/index.php?rest_route=%2Fwp%2Fv2%2Fcomments&post=1165"}],"version-history":[{"count":3,"href":"https:\/\/ecospace.beauvais.fr\/index.php?rest_route=\/wp\/v2\/pages\/1165\/revisions"}],"predecessor-version":[{"id":1847,"href":"https:\/\/ecospace.beauvais.fr\/index.php?rest_route=\/wp\/v2\/pages\/1165\/revisions\/1847"}],"wp:attachment":[{"href":"https:\/\/ecospace.beauvais.fr\/index.php?rest_route=%2Fwp%2Fv2%2Fmedia&parent=1165"}],"curies":[{"name":"wp","href":"https:\/\/api.w.org\/{rel}","templated":true}]}}