{"id":1178,"date":"2018-09-18T13:13:42","date_gmt":"2018-09-18T12:13:42","guid":{"rendered":"http:\/\/ecospace.beauvais.fr\/?page_id=1178"},"modified":"2022-06-15T14:48:09","modified_gmt":"2022-06-15T13:48:09","slug":"les-ateliers-de-la-bergerette","status":"publish","type":"page","link":"https:\/\/ecospace.beauvais.fr\/?page_id=1178","title":{"rendered":"Les Ateliers de la Bergerette"},"content":{"rendered":"<p><img loading=\"lazy\" decoding=\"async\" class=\" wp-image-1179 alignleft\" src=\"https:\/\/ecospace.beauvais.fr\/wp-content\/uploads\/2018\/09\/Logo-bergerette.png\" alt=\"\" width=\"255\" height=\"96\" \/>L\u2019association \u00ab\u00a0les Ateliers de la Bergerette\u00a0\u00bb\u00a0 a pour but d&rsquo; inciter les adh\u00e9rents et le public \u00e0 moins gaspiller, \u00e0 recycler et \u00e0 r\u00e9employer par :<\/p>\n<ul>\n<li>Collectes \u00e0 domicile et syst\u00e9matiques ;<\/li>\n<li>Gestion d&rsquo;un centre de r\u00e9ception et de tri des mati\u00e8res r\u00e9cup\u00e9rables ;<\/li>\n<li>Gestion d&rsquo;ateliers de recyclage et de r\u00e9emploi ;<\/li>\n<li>Gestion d&rsquo;un centre de formation ;<\/li>\n<li>Gestion d&rsquo;un \u00ab\u00a0p\u00f4le-ressources\u00a0\u00bb tous publics pour la sensibilisation et l&rsquo;accompagnement aux \u00e9conomies d&rsquo;\u00e9nergie dans le b\u00e2ti ;<\/li>\n<li>Diffusion de produits et objets de r\u00e9emploi ;<\/li>\n<li>Interventions aupr\u00e8s des collectivit\u00e9s locales pour qu&rsquo;elles assument la r\u00e9cup\u00e9ration et le recyclage dans la perspective d&rsquo;un moindre gaspillage ;<\/li>\n<li>Promotion et participation \u00e0 des actions visant \u00e0 prot\u00e9ger l&rsquo;environnement ;<\/li>\n<li>Animation d&rsquo;un lieu de rencontres, de r\u00e9flexions et de diffusions.<\/li>\n<\/ul>\n<p>T\u00e9l\u00e9phone : 03 44 48 26 74<\/p>\n<p>\u00ab\u00a0A BERGERETTE\u00a0\u00bb &lt;animation@ateliers-bergerette.org&gt;;<\/p>\n<p><a href=\"http:\/\/www.ateliers-bergerette.org\/\">http:\/\/www.ateliers-bergerette.org\/<\/a><\/p>\n","protected":false},"excerpt":{"rendered":"<p>L\u2019association \u00ab\u00a0les Ateliers de la Bergerette\u00a0\u00bb\u00a0 a pour but d&rsquo; inciter les adh\u00e9rents et le public \u00e0 moins gaspiller, \u00e0 recycler et \u00e0 r\u00e9employer par : Collectes \u00e0 domicile et syst\u00e9matiques ; Gestion d&rsquo;un centre de r\u00e9ception et de tri des mati\u00e8res r\u00e9cup\u00e9rables ; Gestion d&rsquo;ateliers de recyclage et de r\u00e9emploi ; Gestion d&rsquo;un centre de formation ; Gestion d&rsquo;un<\/p>\n","protected":false},"author":1,"featured_media":0,"parent":0,"menu_order":0,"comment_status":"closed","ping_status":"closed","template":"","meta":{"_et_pb_use_builder":"","_et_pb_old_content":"","_et_gb_content_width":"","footnotes":""},"_links":{"self":[{"href":"https:\/\/ecospace.beauvais.fr\/index.php?rest_route=\/wp\/v2\/pages\/1178"}],"collection":[{"href":"https:\/\/ecospace.beauvais.fr\/index.php?rest_route=\/wp\/v2\/pages"}],"about":[{"href":"https:\/\/ecospace.beauvais.fr\/index.php?rest_route=\/wp\/v2\/types\/page"}],"author":[{"embeddable":true,"href":"https:\/\/ecospace.beauvais.fr\/index.php?rest_route=\/wp\/v2\/users\/1"}],"replies":[{"embeddable":true,"href":"https:\/\/ecospace.beauvais.fr\/index.php?rest_route=%2Fwp%2Fv2%2Fcomments&post=1178"}],"version-history":[{"count":4,"href":"https:\/\/ecospace.beauvais.fr\/index.php?rest_route=\/wp\/v2\/pages\/1178\/revisions"}],"predecessor-version":[{"id":1854,"href":"https:\/\/ecospace.beauvais.fr\/index.php?rest_route=\/wp\/v2\/pages\/1178\/revisions\/1854"}],"wp:attachment":[{"href":"https:\/\/ecospace.beauvais.fr\/index.php?rest_route=%2Fwp%2Fv2%2Fmedia&parent=1178"}],"curies":[{"name":"wp","href":"https:\/\/api.w.org\/{rel}","templated":true}]}}