{"id":1272,"date":"2018-11-14T13:40:01","date_gmt":"2018-11-14T12:40:01","guid":{"rendered":"http:\/\/ecospace.beauvais.fr\/?page_id=1272"},"modified":"2022-06-15T14:48:08","modified_gmt":"2022-06-15T13:48:08","slug":"avril-2019","status":"publish","type":"page","link":"https:\/\/ecospace.beauvais.fr\/?page_id=1272","title":{"rendered":"Avril 2019"},"content":{"rendered":"<p style=\"text-align: center;\"><strong><span style=\"color: #008000;\">Formation guide composteur<\/span><\/strong><\/p>\n<p class=\"ydp23bfc575MsoNormal\" style=\"text-align: center;\"><b>Selon le r\u00e9f\u00e9renciel ADEME GC11, GC12, GC13, GC21<\/b><\/p>\n<p class=\"ydp23bfc575MsoNormal\" align=\"center\">Formation valorisante, en salle avec diaporama, mise en situation, actions collectives\u00a0\u00a0et ateliers pratiques. Optez pour le ZERO DECHET au jardin, transformez vos d\u00e9chets verts en RESSOURCE FERTILISANTE\u00a0!<\/p>\n<p class=\"ydp23bfc575MsoNormal\">&#8211; qu\u2019est ce que le compostage, comment \u00e7a marche\u00a0?<\/p>\n<p class=\"ydp23bfc575MsoNormal\">&#8211; ma\u00eetriser les diff\u00e9rentes techniques<\/p>\n<p class=\"ydp23bfc575MsoNormal\">&#8211; quelle solution pour quel probl\u00e8me\u00a0?<\/p>\n<p class=\"ydp23bfc575MsoNormal\">&#8211; les autres valorisations des d\u00e9chets verts\u2026<\/p>\n<p style=\"text-align: center;\"><strong><span style=\"color: #ff0000;\">les 6 et 7 avril 2019<\/span><\/strong><\/p>\n<p style=\"text-align: center;\"><span style=\"color: #008000;\">payant sur inscription<\/span> &#8211; Renseignements au 03.44.82.38.97<\/p>\n<p style=\"text-align: center;\"><strong>Corr\u00e9lation<\/strong><\/p>\n<hr \/>\n<p style=\"text-align: center;\"><span style=\"color: #008000;\"><strong>Atelier \u00ab\u00a0les enfants z\u00e9ro d\u00e9chet\u00a0\u00bb<\/strong><\/span><\/p>\n<p><span style=\"margin: 0px; color: black; line-height: 107%; font-family: 'Arial',sans-serif; font-size: 12pt;\">Ateliers autour de l\u2019enfance pour vous prouver qu\u2019on peut r\u00e9duire ses d\u00e9chets m\u00eame avec des enfants<\/span><\/p>\n<p style=\"text-align: center;\"><strong><span style=\"color: #ff0000;\">Mercredi 10 avril de 15h \u00e0 17h<\/span><\/strong><\/p>\n<p style=\"text-align: center;\"><span style=\"color: #008000;\">payant sur inscription<\/span>\u00a0&#8211; <span style=\"color: #000000; font-family: arial, 'helvetica neue', helvetica, sans-serif; font-size: 16px; font-style: normal; font-variant-ligatures: normal; font-variant-caps: normal; font-weight: 400; letter-spacing: normal; orphans: 2; text-align: justify; text-indent: 0px; text-transform: none; white-space: normal; widows: 2; word-spacing: 0px; -webkit-text-stroke-width: 0px; background-color: #ffffff; text-decoration-style: initial; text-decoration-color: initial; display: inline !important; float: none;\">Z\u00e9ro D\u00e9chet Beauvais 06 61 99 50 95<\/span><\/p>\n<p style=\"text-align: center;\"><strong>Z\u00e9ro d\u00e9chet Beauvais<b>\u00a0<\/b><\/strong><\/p>\n<hr \/>\n<p style=\"text-align: center;\"><span style=\"color: #008000;\"><strong><span style=\"font-size: 15.2015px; line-height: 24.3224px;\">Cr\u00e9er et g\u00e9rer un site internet avec\u00a0<\/span><a style=\"font-size: 15.2015px; line-height: 24.3224px; color: #008000;\" href=\"https:\/\/fr.wikipedia.org\/wiki\/WordPress\">WordPress<\/a><\/strong><\/span><\/p>\n<div id=\"magicdomid15\" style=\"text-align: center;\"><span class=\"author-a-z86zi5z84zz72zz72z4z69z8120qz69zcz83z\">Installation,\u00a0<\/span><span class=\"author-a-z86zi5z84zz72zz72z4z69z8120qz69zcz83z\">Param\u00e8tres de base,\u00a0<\/span><span class=\"author-a-z86zi5z84zz72zz72z4z69z8120qz69zcz83z\">Organisation des menus et des articles,\u00a0<\/span><span class=\"author-a-z86zi5z84zz72zz72z4z69z8120qz69zcz83z\">Pages statiques,\u00a0<\/span><span class=\"author-a-z86zi5z84zz72zz72z4z69z8120qz69zcz83z\">Modules compl\u00e9mentaires\u00a0 : interconnexion avec les r\u00e9seaux sociaux, agenda, e-mailing<\/span><\/div>\n<p style=\"text-align: center;\"><strong><span style=\"color: #ff0000;\">\u00a0Samedi 13 avril de 9h30 \u00e0 12h30<\/span><\/strong><\/p>\n<p style=\"text-align: center;\"><span style=\"color: #008000;\">Sur inscription<\/span> &#8211; mail \u00e0\u00a0<a href=\"mailto:contact@oisux.org\">contact@<\/a>oisux.org\u00a0ou en appelant le 06 79 58 15 54<\/p>\n<p style=\"text-align: center;\"><strong>OISUX<\/strong><\/p>\n<hr \/>\n<p style=\"text-align: center;\"><strong><span style=\"color: #008000;\">Allons tous Jar&rsquo;diner<\/span><\/strong><\/p>\n<p><span style=\"color: #000000; font-family: arial, 'helvetica neue', helvetica, sans-serif; font-size: 16px; font-style: normal; font-variant-ligatures: normal; font-variant-caps: normal; font-weight: 400; letter-spacing: normal; orphans: 2; text-align: justify; text-indent: 0px; text-transform: none; white-space: normal; widows: 2; word-spacing: 0px; -webkit-text-stroke-width: 0px; background-color: #ffffff; text-decoration-style: initial; text-decoration-color: initial; display: inline !important; float: none;\">Cueillette et cuisine \u00e0 base de pousses de printemps : d\u00e9couvrir les saveurs et vertus des plantes sauvages<\/span><\/p>\n<ul class=\"mailpoet_paragraph\" style=\"color: #000000; font-family: 'Helvetica Neue', Helvetica, Arial, 'Liberation Sans', sans-serif; font-size: medium; font-style: normal; font-variant-ligatures: normal; font-variant-caps: normal; font-weight: 400; letter-spacing: normal; orphans: 2; text-indent: 0px; text-transform: none; white-space: normal; widows: 2; word-spacing: 0px; -webkit-text-stroke-width: 0px; background-color: #ffffff; text-decoration-style: initial; text-decoration-color: initial; padding-top: 0px; padding-bottom: 0px; margin-top: 10px; text-align: left; margin-bottom: 10px;\">\n<li class=\"mailpoet_paragraph\" style=\"color: #000000; font-family: arial, 'helvetica neue', helvetica, sans-serif; font-size: 16px; line-height: 25.6px; text-align: left; margin-bottom: 10px;\">9h30 Balade cueillette de diff\u00e9rentes plantes sauvages comestibles<\/li>\n<li class=\"mailpoet_paragraph\" style=\"color: #000000; font-family: arial, 'helvetica neue', helvetica, sans-serif; font-size: 16px; line-height: 25.6px; text-align: left; margin-bottom: 10px;\">10h30 Cueillette \u00e0 proximit\u00e9 de l\u2019Ecospace<\/li>\n<li class=\"mailpoet_paragraph\" style=\"color: #000000; font-family: arial, 'helvetica neue', helvetica, sans-serif; font-size: 16px; line-height: 25.6px; text-align: left; margin-bottom: 10px;\">11h pr\u00e9paration commune d\u2019un ap\u00e9ritif avec les pousses de printemps anim\u00e9 par Audrey* &#8211; Atelier huile d\u2019ortie et de paquerette<\/li>\n<li class=\"mailpoet_paragraph\" style=\"color: #000000; font-family: arial, 'helvetica neue', helvetica, sans-serif; font-size: 16px; line-height: 25.6px; text-align: left; margin-bottom: 10px;\">12h Ap\u00e9ro vert : pesto, jus verts et petites salades sauvages<\/li>\n<li class=\"mailpoet_paragraph\" style=\"color: #000000; font-family: arial, 'helvetica neue', helvetica, sans-serif; font-size: 16px; line-height: 25.6px; text-align: left; margin-bottom: 10px;\">12h30 pique nique sans d\u00e9chet issu des cueillettes ou tir\u00e9 du sac.<br \/>\nOrganis\u00e9 par ALEP, Ches maqueurs e d\u2019Morelles, Z\u00e9ro-d\u00e9chet-Beauvais et Collembole<\/li>\n<\/ul>\n<p style=\"text-align: center;\"><strong><span style=\"color: #ff0000;\">Dimanche 14 avril de 9h30 \u00e0 14h<\/span><\/strong><\/p>\n<p style=\"text-align: center;\"><span style=\"color: #008000;\">Participation libre aux frais<\/span> &#8211; Renseignements au 06 11 52 55 87<\/p>\n<p style=\"text-align: center;\"><strong>ALEP &#8211; Z\u00e9ro d\u00e9chet Beauvais &#8211; Collembole\u00a0<b>&#8211; Ches maquers e d&rsquo;Morelles <\/b><\/strong><\/p>\n<hr \/>\n<p style=\"text-align: center;\"><span style=\"color: #008000;\"><strong>La solution cloud <a style=\"color: #008000;\" href=\"https:\/\/nextcloud.com\/\">Nextcloud<\/a> : synchronisation des donn\u00e9es, agendas, contacts&#8230; pour un particulier ou pour une organisation<\/strong><\/span><\/p>\n<div id=\"magicdomid15\" style=\"text-align: center;\">Session sur le serveur et d\u00e9couverte de l&rsquo;environnement \/\u00a0Synchronisation en local de ses donn\u00e9es personnelles, configuration des clients Windows, Linux, Andro\u00efd et Iphone \/\u00a0Historique des versions de document \/\u00a0Utilisation de Nextcloud dans le cadre d&rsquo;une organisation : groupes et partages \/\u00a0Tests sur les partages : lecture, modification, re-partage \/\u00a0Utilisation du planning, de la messagerie et du carnet d&rsquo;adresses \/\u00a0Exploration des solutions serveur (h\u00e9bergement, auto-h\u00e9bergement)<\/div>\n<p style=\"text-align: center;\"><strong>\u00a0<span style=\"color: #ff0000;\">Samedi 20 avril de 9h30 \u00e0 12h30<\/span><\/strong><\/p>\n<p style=\"text-align: center;\"><span style=\"color: #008000;\">Sur inscription<\/span> &#8211; mail \u00e0\u00a0contact@oisux.org\u00a0ou en appelant le 06 79 58 15 54<\/p>\n<p style=\"text-align: center;\"><strong>OISUX<\/strong><\/p>\n<hr \/>\n<p style=\"text-align: center;\"><strong>Confection d&rsquo;un short ou d&rsquo;une jupe<\/strong><\/p>\n<p><span style=\"margin: 0px; color: black; line-height: 107%; font-family: 'Arial',sans-serif; font-size: 12pt;\">On attaque les v\u00eatements ! Deuxi\u00e8me partie : le bas<\/span><\/p>\n<p style=\"text-align: center;\"><strong><span style=\"color: #ff0000;\">Samedi 27 avril de 10h \u00e0 16h<\/span><\/strong><\/p>\n<p style=\"text-align: center;\"><span style=\"margin: 0px; color: black; line-height: 107%; font-family: 'Arial',sans-serif; font-size: 12pt;\"><span style=\"color: #008000;\">Payant sur inscription<\/span> &#8211; contact 06 11 52 55 87<\/span><\/p>\n<p style=\"text-align: center;\"><strong>Collembole<\/strong><\/p>\n","protected":false},"excerpt":{"rendered":"<p>Formation guide composteur Selon le r\u00e9f\u00e9renciel ADEME GC11, GC12, GC13, GC21 Formation valorisante, en salle avec diaporama, mise en situation, actions collectives\u00a0\u00a0et ateliers pratiques. Optez pour le ZERO DECHET au jardin, transformez vos d\u00e9chets verts en RESSOURCE FERTILISANTE\u00a0! &#8211; qu\u2019est ce que le compostage, comment \u00e7a marche\u00a0? &#8211; ma\u00eetriser les diff\u00e9rentes techniques &#8211; quelle solution pour quel probl\u00e8me\u00a0? &#8211; les<\/p>\n","protected":false},"author":1,"featured_media":0,"parent":0,"menu_order":0,"comment_status":"closed","ping_status":"closed","template":"","meta":{"_et_pb_use_builder":"","_et_pb_old_content":"","_et_gb_content_width":"","footnotes":""},"_links":{"self":[{"href":"https:\/\/ecospace.beauvais.fr\/index.php?rest_route=\/wp\/v2\/pages\/1272"}],"collection":[{"href":"https:\/\/ecospace.beauvais.fr\/index.php?rest_route=\/wp\/v2\/pages"}],"about":[{"href":"https:\/\/ecospace.beauvais.fr\/index.php?rest_route=\/wp\/v2\/types\/page"}],"author":[{"embeddable":true,"href":"https:\/\/ecospace.beauvais.fr\/index.php?rest_route=\/wp\/v2\/users\/1"}],"replies":[{"embeddable":true,"href":"https:\/\/ecospace.beauvais.fr\/index.php?rest_route=%2Fwp%2Fv2%2Fcomments&post=1272"}],"version-history":[{"count":3,"href":"https:\/\/ecospace.beauvais.fr\/index.php?rest_route=\/wp\/v2\/pages\/1272\/revisions"}],"predecessor-version":[{"id":1323,"href":"https:\/\/ecospace.beauvais.fr\/index.php?rest_route=\/wp\/v2\/pages\/1272\/revisions\/1323"}],"wp:attachment":[{"href":"https:\/\/ecospace.beauvais.fr\/index.php?rest_route=%2Fwp%2Fv2%2Fmedia&parent=1272"}],"curies":[{"name":"wp","href":"https:\/\/api.w.org\/{rel}","templated":true}]}}