{"id":1292,"date":"2019-01-24T18:51:37","date_gmt":"2019-01-24T17:51:37","guid":{"rendered":"http:\/\/ecospace.beauvais.fr\/?page_id=1292"},"modified":"2022-06-15T14:48:09","modified_gmt":"2022-06-15T13:48:09","slug":"les-outils-pedagogiques","status":"publish","type":"page","link":"https:\/\/ecospace.beauvais.fr\/?page_id=1292","title":{"rendered":"Les outils p\u00e9dagogiques"},"content":{"rendered":"<p style=\"text-align: center;\">De nombreux outils p\u00e9dagogiques sont pr\u00e9sents sur le site d&rsquo;Ecospace.<\/p>\n<p style=\"text-align: center;\">Certains sont visibles directement sur le site ou bien peuvent \u00eatre pr\u00eat\u00e9s aux associations conventionn\u00e9es afin qu&rsquo;elles les utilisent dans le cadre de leurs actions.<\/p>\n<hr \/>\n<p>Les eaux pluviales des toits de la ferme sont r\u00e9cup\u00e9r\u00e9es dans l\u2019ancienne fosse \u00e0 purin.<\/p>\n<p>Ce stockage de l\u2019eau permet l\u2019alimentation gratuite en eau de plusieurs \u00e9l\u00e9ments\u00a0sur le site:<\/p>\n<p><strong><span style=\"color: #0000ff;\">Un sur-presseur<\/span><\/strong> permet d\u2019alimenter les 4 toilettes de la structure\u00a0;<\/p>\n<p><strong><span style=\"color: #0000ff;\">Une pompe \u00e0 eau<\/span><\/strong>, qui se situe en fa\u00e7ade, permet par une action manuelle de levier de r\u00e9cup\u00e9rer de l\u2019eau surtout utilis\u00e9e par le chantier \u00e9cole pour le nettoyage des outils par exemple\u00a0;<\/p>\n<p><span style=\"color: #0000ff;\"><strong>Une \u00e9olienne de pompage<\/strong><\/span> permet de remonter avec le vent l\u2019eau de la cuve vers une cuve situ\u00e9e \u00e0 proximit\u00e9 de l\u2019\u00e9olienne. L\u2019eau stock\u00e9e permet d\u2019alimenter les parcelles des jardins durables de mie ainsi que le jardin p\u00e9dagogique.<\/p>\n<hr \/>\n<p><span style=\"color: #0000ff;\"><strong>Four solaire<\/strong><\/span><\/p>\n<p>Sa fabrication a \u00e9t\u00e9 r\u00e9alis\u00e9e par un chantier \u00e9cole en France.<\/p>\n<p>Ce four solaire permet d\u2019\u00e9conomiser le bois et de ne pas utiliser une autre \u00e9nergie pour la cuisson des aliments que le soleil.<\/p>\n<p>Le bois est une denr\u00e9e rare dans certains pays et son utilisation entraine de des probl\u00e9matiques comme les pans de colline qui disparaissent car les racines des arbres ne les retiennent plus.<\/p>\n<p>Cet outil peut \u00eatre mis \u00e0 disposition l\u2019\u00e9t\u00e9 sur le site \u00e0 condition de respecter les r\u00e8gles d\u2019utilisation\u00a0 car il y a des risques de brulures.<\/p>\n<hr \/>\n<p><span style=\"color: #0000ff;\"><strong>Maquette \u00e0 torchis<\/strong><\/span><\/p>\n<p>Cette maquette permet de mettre en pratique la pose torchis fait uniquement de mati\u00e8res locales.<\/p>\n<p>Le torchis est un mat\u00e9riau naturel qui ne contient pas de produits chimiques, avec une emprunte carbone nulle, qui ne n\u00e9cessite pas de besoin en \u00e9nergie, pas de transport et la main d\u2019\u0153uvre est locale.<\/p>\n<hr \/>\n<p><span style=\"color: #0000ff;\"><strong>Pressoir et grugeoir<\/strong><\/span><\/p>\n<p>Pour la fabrication de jus de pommes et de poires, le grugeoir sert \u00e0 broyer les fruits afin de la mettre dans le pressoir pour en extraire le jus.<\/p>\n<p>Afin de conserver le jus extrait, il est n\u00e9cessaire de pasteuriser les bouteilles.<\/p>\n<p>Des esp\u00e8ces diff\u00e9rentes de poiriers\u00a0 et pommiers ont \u00e9t\u00e9 plant\u00e9s dans le <strong><span style=\"color: #0000ff;\">verger d\u2019Ecospace<\/span><\/strong>.<\/p>\n<hr \/>\n<p><strong><span style=\"color: #0000ff;\">Le verger<\/span><\/strong> est utilis\u00e9 par la Direction des parcs et jardins de la Ville de Beauvais afin d&rsquo;animer des ateliers de taille de fruitiers.<\/p>\n","protected":false},"excerpt":{"rendered":"<p>De nombreux outils p\u00e9dagogiques sont pr\u00e9sents sur le site d&rsquo;Ecospace. Certains sont visibles directement sur le site ou bien peuvent \u00eatre pr\u00eat\u00e9s aux associations conventionn\u00e9es afin qu&rsquo;elles les utilisent dans le cadre de leurs actions. Les eaux pluviales des toits de la ferme sont r\u00e9cup\u00e9r\u00e9es dans l\u2019ancienne fosse \u00e0 purin. Ce stockage de l\u2019eau permet l\u2019alimentation gratuite en eau de<\/p>\n","protected":false},"author":1,"featured_media":0,"parent":0,"menu_order":0,"comment_status":"closed","ping_status":"closed","template":"","meta":{"_et_pb_use_builder":"","_et_pb_old_content":"","_et_gb_content_width":"","footnotes":""},"_links":{"self":[{"href":"https:\/\/ecospace.beauvais.fr\/index.php?rest_route=\/wp\/v2\/pages\/1292"}],"collection":[{"href":"https:\/\/ecospace.beauvais.fr\/index.php?rest_route=\/wp\/v2\/pages"}],"about":[{"href":"https:\/\/ecospace.beauvais.fr\/index.php?rest_route=\/wp\/v2\/types\/page"}],"author":[{"embeddable":true,"href":"https:\/\/ecospace.beauvais.fr\/index.php?rest_route=\/wp\/v2\/users\/1"}],"replies":[{"embeddable":true,"href":"https:\/\/ecospace.beauvais.fr\/index.php?rest_route=%2Fwp%2Fv2%2Fcomments&post=1292"}],"version-history":[{"count":2,"href":"https:\/\/ecospace.beauvais.fr\/index.php?rest_route=\/wp\/v2\/pages\/1292\/revisions"}],"predecessor-version":[{"id":1294,"href":"https:\/\/ecospace.beauvais.fr\/index.php?rest_route=\/wp\/v2\/pages\/1292\/revisions\/1294"}],"wp:attachment":[{"href":"https:\/\/ecospace.beauvais.fr\/index.php?rest_route=%2Fwp%2Fv2%2Fmedia&parent=1292"}],"curies":[{"name":"wp","href":"https:\/\/api.w.org\/{rel}","templated":true}]}}