{"id":1419,"date":"2020-07-30T10:14:40","date_gmt":"2020-07-30T09:14:40","guid":{"rendered":"http:\/\/ecospace.beauvais.fr\/?page_id=1419"},"modified":"2022-06-15T14:48:08","modified_gmt":"2022-06-15T13:48:08","slug":"aurelie-legoix-sophrologue","status":"publish","type":"page","link":"https:\/\/ecospace.beauvais.fr\/?page_id=1419","title":{"rendered":"Aur\u00e9lie LEGOIX &#8211; SOPHROLOGUE"},"content":{"rendered":"\n<div class=\"wp-block-image\"><figure class=\"alignleft is-resized\"><img loading=\"lazy\" decoding=\"async\" src=\"https:\/\/ecospace.beauvais.fr\/wp-content\/uploads\/2020\/07\/Logo-sophrologie.jpg\" alt=\"\" class=\"wp-image-1411\" width=\"138\" height=\"141\"\/><\/figure><\/div>\n\n\n\n<p> S\u00e9ances collectives de sophrologie. <br>La sophrologie est une m\u00e9thode psychocorporelle permettant de d\u00e9velopper un \u00e9quilibre entre le corps et l\u2019esprit que ce soit sur le plan mental, \u00e9motionnel et physique.  <br>La sophrologie s\u2019appuie sur le positif et permet une mise entre parenth\u00e8ses du n\u00e9gatif dans une attitude d\u2019accueil des ressentis qui se pr\u00e9sentent. Elle emploie un ensemble de techniques dynamiques ou statiques qui vont \u00e0 la fois agir sur le corps et l\u2019esprit en combinant des exercices de respiration, de rel\u00e2chement musculaire et de visualisation mentale. La sophrologie est au service d\u2019un mieux-\u00eatre au quotidien et permet de mieux se conna\u00eetre.  <\/p>\n\n\n\n<p>Contact : 07.67.90.32.22   \/   aurelie.legoix@gmail.com<br><a href=\"http:\/\/www.aurelielegoix-sophrorelaxation.com\">www.aurelielegoix-sophrorelaxation.com<\/a>  <\/p>\n","protected":false},"excerpt":{"rendered":"<p>S\u00e9ances collectives de sophrologie. La sophrologie est une m\u00e9thode psychocorporelle permettant de d\u00e9velopper un \u00e9quilibre entre le corps et l\u2019esprit que ce soit sur le plan mental, \u00e9motionnel et physique. La sophrologie s\u2019appuie sur le positif et permet une mise entre parenth\u00e8ses du n\u00e9gatif dans une attitude d\u2019accueil des ressentis qui se pr\u00e9sentent. Elle emploie un ensemble de techniques dynamiques<\/p>\n","protected":false},"author":1,"featured_media":0,"parent":0,"menu_order":0,"comment_status":"closed","ping_status":"closed","template":"","meta":{"_et_pb_use_builder":"","_et_pb_old_content":"","_et_gb_content_width":"","footnotes":""},"_links":{"self":[{"href":"https:\/\/ecospace.beauvais.fr\/index.php?rest_route=\/wp\/v2\/pages\/1419"}],"collection":[{"href":"https:\/\/ecospace.beauvais.fr\/index.php?rest_route=\/wp\/v2\/pages"}],"about":[{"href":"https:\/\/ecospace.beauvais.fr\/index.php?rest_route=\/wp\/v2\/types\/page"}],"author":[{"embeddable":true,"href":"https:\/\/ecospace.beauvais.fr\/index.php?rest_route=\/wp\/v2\/users\/1"}],"replies":[{"embeddable":true,"href":"https:\/\/ecospace.beauvais.fr\/index.php?rest_route=%2Fwp%2Fv2%2Fcomments&post=1419"}],"version-history":[{"count":1,"href":"https:\/\/ecospace.beauvais.fr\/index.php?rest_route=\/wp\/v2\/pages\/1419\/revisions"}],"predecessor-version":[{"id":1420,"href":"https:\/\/ecospace.beauvais.fr\/index.php?rest_route=\/wp\/v2\/pages\/1419\/revisions\/1420"}],"wp:attachment":[{"href":"https:\/\/ecospace.beauvais.fr\/index.php?rest_route=%2Fwp%2Fv2%2Fmedia&parent=1419"}],"curies":[{"name":"wp","href":"https:\/\/api.w.org\/{rel}","templated":true}]}}