{"id":1535,"date":"2020-07-31T14:01:53","date_gmt":"2020-07-31T13:01:53","guid":{"rendered":"http:\/\/ecospace.beauvais.fr\/?page_id=1535"},"modified":"2022-06-15T14:48:09","modified_gmt":"2022-06-15T13:48:09","slug":"la-maquette-a-torchis","status":"publish","type":"page","link":"https:\/\/ecospace.beauvais.fr\/?page_id=1535","title":{"rendered":"la maquette \u00e0 torchis"},"content":{"rendered":"<p><img loading=\"lazy\" decoding=\"async\" class=\"wp-image-1592 alignright\" src=\"https:\/\/ecospace.beauvais.fr\/wp-content\/uploads\/2020\/08\/maquette-torchis.jpg\" alt=\"\" width=\"367\" height=\"275\" srcset=\"https:\/\/ecospace.beauvais.fr\/wp-content\/uploads\/2020\/08\/maquette-torchis.jpg 708w, https:\/\/ecospace.beauvais.fr\/wp-content\/uploads\/2020\/08\/maquette-torchis-300x225.jpg 300w\" sizes=\"(max-width: 367px) 100vw, 367px\" \/>Le torchis est un mat\u00e9riau naturel avec une emprunte carbone<sup>1<\/sup> nulle.<\/p>\n<p>Cette maquette, r\u00e9alis\u00e9e sur place par le chantier d\u2019insertion, permet de mettre en pratique la pose du torchis lors d\u2019ateliers.<\/p>\n<p><em><sup>1 <\/sup><\/em><em>C\u2019est le volume de CO\u00b2 \u00e9mis par un humain, une entreprise ou un objet (par exemple un avion) dans ses actions quotidiennes.<\/em><\/p>\n\n\n<p><\/p>\n","protected":false},"excerpt":{"rendered":"<p>Le torchis est un mat\u00e9riau naturel avec une emprunte carbone1 nulle. Cette maquette, r\u00e9alis\u00e9e sur place par le chantier d\u2019insertion, permet de mettre en pratique la pose du torchis lors d\u2019ateliers. 1 C\u2019est le volume de CO\u00b2 \u00e9mis par un humain, une entreprise ou un objet (par exemple un avion) dans ses actions quotidiennes.<\/p>\n","protected":false},"author":1,"featured_media":1602,"parent":0,"menu_order":0,"comment_status":"closed","ping_status":"closed","template":"","meta":{"_et_pb_use_builder":"","_et_pb_old_content":"","_et_gb_content_width":"","footnotes":""},"_links":{"self":[{"href":"https:\/\/ecospace.beauvais.fr\/index.php?rest_route=\/wp\/v2\/pages\/1535"}],"collection":[{"href":"https:\/\/ecospace.beauvais.fr\/index.php?rest_route=\/wp\/v2\/pages"}],"about":[{"href":"https:\/\/ecospace.beauvais.fr\/index.php?rest_route=\/wp\/v2\/types\/page"}],"author":[{"embeddable":true,"href":"https:\/\/ecospace.beauvais.fr\/index.php?rest_route=\/wp\/v2\/users\/1"}],"replies":[{"embeddable":true,"href":"https:\/\/ecospace.beauvais.fr\/index.php?rest_route=%2Fwp%2Fv2%2Fcomments&post=1535"}],"version-history":[{"count":5,"href":"https:\/\/ecospace.beauvais.fr\/index.php?rest_route=\/wp\/v2\/pages\/1535\/revisions"}],"predecessor-version":[{"id":1604,"href":"https:\/\/ecospace.beauvais.fr\/index.php?rest_route=\/wp\/v2\/pages\/1535\/revisions\/1604"}],"wp:featuredmedia":[{"embeddable":true,"href":"https:\/\/ecospace.beauvais.fr\/index.php?rest_route=\/wp\/v2\/media\/1602"}],"wp:attachment":[{"href":"https:\/\/ecospace.beauvais.fr\/index.php?rest_route=%2Fwp%2Fv2%2Fmedia&parent=1535"}],"curies":[{"name":"wp","href":"https:\/\/api.w.org\/{rel}","templated":true}]}}