{"id":1537,"date":"2020-07-31T14:02:37","date_gmt":"2020-07-31T13:02:37","guid":{"rendered":"http:\/\/ecospace.beauvais.fr\/?page_id=1537"},"modified":"2022-06-15T14:48:09","modified_gmt":"2022-06-15T13:48:09","slug":"le-verger","status":"publish","type":"page","link":"https:\/\/ecospace.beauvais.fr\/?page_id=1537","title":{"rendered":"le verger"},"content":{"rendered":"<p style=\"text-align: center;\"><img loading=\"lazy\" decoding=\"async\" class=\"wp-image-1702 alignleft\" src=\"https:\/\/ecospace.beauvais.fr\/wp-content\/uploads\/2021\/06\/20210408_104308-768x1024.jpg\" alt=\"\" width=\"281\" height=\"374\" srcset=\"https:\/\/ecospace.beauvais.fr\/wp-content\/uploads\/2021\/06\/20210408_104308-768x1024.jpg 768w, https:\/\/ecospace.beauvais.fr\/wp-content\/uploads\/2021\/06\/20210408_104308-225x300.jpg 225w, https:\/\/ecospace.beauvais.fr\/wp-content\/uploads\/2021\/06\/20210408_104308-1152x1536.jpg 1152w, https:\/\/ecospace.beauvais.fr\/wp-content\/uploads\/2021\/06\/20210408_104308-1536x2048.jpg 1536w, https:\/\/ecospace.beauvais.fr\/wp-content\/uploads\/2021\/06\/20210408_104308-scaled.jpg 1920w\" sizes=\"(max-width: 281px) 100vw, 281px\" \/>Le verger permet notamment de produire des fruits rouges, des baies, des pommes et des poires.<\/p>\n<p style=\"text-align: center;\">Les produits utilis\u00e9s sont tous naturels.<\/p>\n<p style=\"text-align: center;\">Les arbres ont \u00e9t\u00e9 fournis par une p\u00e9pini\u00e8re locale, ils sont donc adapt\u00e9s au climat r\u00e9gional.<\/p>\n\n\n<p><\/p>\n","protected":false},"excerpt":{"rendered":"<p>Le verger permet notamment de produire des fruits rouges, des baies, des pommes et des poires. Les produits utilis\u00e9s sont tous naturels. Les arbres ont \u00e9t\u00e9 fournis par une p\u00e9pini\u00e8re locale, ils sont donc adapt\u00e9s au climat r\u00e9gional.<\/p>\n","protected":false},"author":1,"featured_media":1615,"parent":0,"menu_order":0,"comment_status":"closed","ping_status":"closed","template":"","meta":{"_et_pb_use_builder":"","_et_pb_old_content":"","_et_gb_content_width":"","footnotes":""},"_links":{"self":[{"href":"https:\/\/ecospace.beauvais.fr\/index.php?rest_route=\/wp\/v2\/pages\/1537"}],"collection":[{"href":"https:\/\/ecospace.beauvais.fr\/index.php?rest_route=\/wp\/v2\/pages"}],"about":[{"href":"https:\/\/ecospace.beauvais.fr\/index.php?rest_route=\/wp\/v2\/types\/page"}],"author":[{"embeddable":true,"href":"https:\/\/ecospace.beauvais.fr\/index.php?rest_route=\/wp\/v2\/users\/1"}],"replies":[{"embeddable":true,"href":"https:\/\/ecospace.beauvais.fr\/index.php?rest_route=%2Fwp%2Fv2%2Fcomments&post=1537"}],"version-history":[{"count":4,"href":"https:\/\/ecospace.beauvais.fr\/index.php?rest_route=\/wp\/v2\/pages\/1537\/revisions"}],"predecessor-version":[{"id":1703,"href":"https:\/\/ecospace.beauvais.fr\/index.php?rest_route=\/wp\/v2\/pages\/1537\/revisions\/1703"}],"wp:featuredmedia":[{"embeddable":true,"href":"https:\/\/ecospace.beauvais.fr\/index.php?rest_route=\/wp\/v2\/media\/1615"}],"wp:attachment":[{"href":"https:\/\/ecospace.beauvais.fr\/index.php?rest_route=%2Fwp%2Fv2%2Fmedia&parent=1537"}],"curies":[{"name":"wp","href":"https:\/\/api.w.org\/{rel}","templated":true}]}}