{"id":1539,"date":"2020-07-31T14:03:09","date_gmt":"2020-07-31T13:03:09","guid":{"rendered":"http:\/\/ecospace.beauvais.fr\/?page_id=1539"},"modified":"2022-06-15T14:48:08","modified_gmt":"2022-06-15T13:48:08","slug":"lancienne-habitation","status":"publish","type":"page","link":"https:\/\/ecospace.beauvais.fr\/?page_id=1539","title":{"rendered":"l&rsquo;ancienne habitation"},"content":{"rendered":"<p style=\"text-align: center;\"><img loading=\"lazy\" decoding=\"async\" class=\"wp-image-1581 alignleft\" src=\"https:\/\/ecospace.beauvais.fr\/wp-content\/uploads\/2020\/08\/ancienne-hab1-768x1024.jpg\" alt=\"\" width=\"212\" height=\"282\" srcset=\"https:\/\/ecospace.beauvais.fr\/wp-content\/uploads\/2020\/08\/ancienne-hab1-768x1024.jpg 768w, https:\/\/ecospace.beauvais.fr\/wp-content\/uploads\/2020\/08\/ancienne-hab1-225x300.jpg 225w, https:\/\/ecospace.beauvais.fr\/wp-content\/uploads\/2020\/08\/ancienne-hab1.jpg 1200w\" sizes=\"(max-width: 212px) 100vw, 212px\" \/> <img loading=\"lazy\" decoding=\"async\" class=\"wp-image-1582 alignright\" src=\"https:\/\/ecospace.beauvais.fr\/wp-content\/uploads\/2020\/08\/ancienne-hab2-e1596444210568.jpg\" alt=\"\" width=\"199\" height=\"282\" srcset=\"https:\/\/ecospace.beauvais.fr\/wp-content\/uploads\/2020\/08\/ancienne-hab2-e1596444210568.jpg 527w, https:\/\/ecospace.beauvais.fr\/wp-content\/uploads\/2020\/08\/ancienne-hab2-e1596444210568-211x300.jpg 211w\" sizes=\"(max-width: 199px) 100vw, 199px\" \/><\/p>\n<p style=\"text-align: center;\">Ce b\u00e2timent \u00e9tait un des lieux de vie<br \/>de la ferme de la Mie au Roy.<\/p>\n<p style=\"text-align: center;\">Cette ancienne habitation fait partie du plan de r\u00e9novation durable en utilisant des mat\u00e9riaux naturels et \u00e9co-responsables.<\/p>\n<p style=\"text-align: center;\">Cette restauration interviendra dans<br \/>la phase finale du projet.<\/p>\n\n\n<p><\/p>\n","protected":false},"excerpt":{"rendered":"<p>Ce b\u00e2timent \u00e9tait un des lieux de viede la ferme de la Mie au Roy. Cette ancienne habitation fait partie du plan de r\u00e9novation durable en utilisant des mat\u00e9riaux naturels et \u00e9co-responsables. Cette restauration interviendra dansla phase finale du projet.<\/p>\n","protected":false},"author":1,"featured_media":0,"parent":0,"menu_order":0,"comment_status":"closed","ping_status":"closed","template":"","meta":{"_et_pb_use_builder":"","_et_pb_old_content":"","_et_gb_content_width":"","footnotes":""},"_links":{"self":[{"href":"https:\/\/ecospace.beauvais.fr\/index.php?rest_route=\/wp\/v2\/pages\/1539"}],"collection":[{"href":"https:\/\/ecospace.beauvais.fr\/index.php?rest_route=\/wp\/v2\/pages"}],"about":[{"href":"https:\/\/ecospace.beauvais.fr\/index.php?rest_route=\/wp\/v2\/types\/page"}],"author":[{"embeddable":true,"href":"https:\/\/ecospace.beauvais.fr\/index.php?rest_route=\/wp\/v2\/users\/1"}],"replies":[{"embeddable":true,"href":"https:\/\/ecospace.beauvais.fr\/index.php?rest_route=%2Fwp%2Fv2%2Fcomments&post=1539"}],"version-history":[{"count":4,"href":"https:\/\/ecospace.beauvais.fr\/index.php?rest_route=\/wp\/v2\/pages\/1539\/revisions"}],"predecessor-version":[{"id":1600,"href":"https:\/\/ecospace.beauvais.fr\/index.php?rest_route=\/wp\/v2\/pages\/1539\/revisions\/1600"}],"wp:attachment":[{"href":"https:\/\/ecospace.beauvais.fr\/index.php?rest_route=%2Fwp%2Fv2%2Fmedia&parent=1539"}],"curies":[{"name":"wp","href":"https:\/\/api.w.org\/{rel}","templated":true}]}}