{"id":1551,"date":"2020-07-31T15:01:06","date_gmt":"2020-07-31T14:01:06","guid":{"rendered":"http:\/\/ecospace.beauvais.fr\/?page_id=1551"},"modified":"2023-02-17T17:16:52","modified_gmt":"2023-02-17T16:16:52","slug":"la-grange","status":"publish","type":"page","link":"https:\/\/ecospace.beauvais.fr\/?page_id=1551","title":{"rendered":"la grange"},"content":{"rendered":"<p><img loading=\"lazy\" decoding=\"async\" class=\"wp-image-1441 alignleft\" src=\"https:\/\/ecospace.beauvais.fr\/wp-content\/uploads\/2020\/07\/Install-panneaux-therm-768x1024.jpg\" alt=\"\" width=\"250\" height=\"334\" srcset=\"https:\/\/ecospace.beauvais.fr\/wp-content\/uploads\/2020\/07\/Install-panneaux-therm-768x1024.jpg 768w, https:\/\/ecospace.beauvais.fr\/wp-content\/uploads\/2020\/07\/Install-panneaux-therm-225x300.jpg 225w, https:\/\/ecospace.beauvais.fr\/wp-content\/uploads\/2020\/07\/Install-panneaux-therm.jpg 1782w\" sizes=\"(max-width: 250px) 100vw, 250px\" \/><img loading=\"lazy\" decoding=\"async\" class=\"wp-image-1620 alignright\" src=\"https:\/\/ecospace.beauvais.fr\/wp-content\/uploads\/2020\/08\/Travaux-iso-grange-e1596448880139-635x1024.jpg\" alt=\"\" width=\"208\" height=\"335\" srcset=\"https:\/\/ecospace.beauvais.fr\/wp-content\/uploads\/2020\/08\/Travaux-iso-grange-e1596448880139-635x1024.jpg 635w, https:\/\/ecospace.beauvais.fr\/wp-content\/uploads\/2020\/08\/Travaux-iso-grange-e1596448880139-186x300.jpg 186w, https:\/\/ecospace.beauvais.fr\/wp-content\/uploads\/2020\/08\/Travaux-iso-grange-e1596448880139-768x1238.jpg 768w\" sizes=\"(max-width: 208px) 100vw, 208px\" \/>En mars 2020, les agents du chantier d&rsquo;insertion ont install\u00e9 les panneaux a\u00e9rothermiques sur la fa\u00e7ade du b\u00e2timent.<\/p>\n<p>\u00a0<\/p>\n<p style=\"text-align: right;\">Actuellement<br \/>des travaux d&rsquo;isolation sont en cours.<\/p>\n\n\n<p><\/p>\n","protected":false},"excerpt":{"rendered":"<p>En mars 2020, les agents du chantier d&rsquo;insertion ont install\u00e9 les panneaux a\u00e9rothermiques sur la fa\u00e7ade du b\u00e2timent. \u00a0 Actuellementdes travaux d&rsquo;isolation sont en cours.<\/p>\n","protected":false},"author":1,"featured_media":1623,"parent":0,"menu_order":0,"comment_status":"closed","ping_status":"closed","template":"","meta":{"_et_pb_use_builder":"","_et_pb_old_content":"","_et_gb_content_width":"","footnotes":""},"_links":{"self":[{"href":"https:\/\/ecospace.beauvais.fr\/index.php?rest_route=\/wp\/v2\/pages\/1551"}],"collection":[{"href":"https:\/\/ecospace.beauvais.fr\/index.php?rest_route=\/wp\/v2\/pages"}],"about":[{"href":"https:\/\/ecospace.beauvais.fr\/index.php?rest_route=\/wp\/v2\/types\/page"}],"author":[{"embeddable":true,"href":"https:\/\/ecospace.beauvais.fr\/index.php?rest_route=\/wp\/v2\/users\/1"}],"replies":[{"embeddable":true,"href":"https:\/\/ecospace.beauvais.fr\/index.php?rest_route=%2Fwp%2Fv2%2Fcomments&post=1551"}],"version-history":[{"count":4,"href":"https:\/\/ecospace.beauvais.fr\/index.php?rest_route=\/wp\/v2\/pages\/1551\/revisions"}],"predecessor-version":[{"id":2536,"href":"https:\/\/ecospace.beauvais.fr\/index.php?rest_route=\/wp\/v2\/pages\/1551\/revisions\/2536"}],"wp:featuredmedia":[{"embeddable":true,"href":"https:\/\/ecospace.beauvais.fr\/index.php?rest_route=\/wp\/v2\/media\/1623"}],"wp:attachment":[{"href":"https:\/\/ecospace.beauvais.fr\/index.php?rest_route=%2Fwp%2Fv2%2Fmedia&parent=1551"}],"curies":[{"name":"wp","href":"https:\/\/api.w.org\/{rel}","templated":true}]}}