{"id":1557,"date":"2020-07-31T15:05:09","date_gmt":"2020-07-31T14:05:09","guid":{"rendered":"http:\/\/ecospace.beauvais.fr\/?page_id=1557"},"modified":"2022-06-15T14:48:08","modified_gmt":"2022-06-15T13:48:08","slug":"dou-vient-lappellation-mie-au-roy","status":"publish","type":"page","link":"https:\/\/ecospace.beauvais.fr\/?page_id=1557","title":{"rendered":"D\u2019o\u00f9 vient l\u2019appellation Mie au Roy ?"},"content":{"rendered":"<p><img loading=\"lazy\" decoding=\"async\" class=\"alignleft size-full wp-image-2030\" src=\"https:\/\/ecospace.beauvais.fr\/wp-content\/uploads\/2022\/03\/cadastre-1082x200-1.jpg\" alt=\"\" width=\"1082\" height=\"200\" srcset=\"https:\/\/ecospace.beauvais.fr\/wp-content\/uploads\/2022\/03\/cadastre-1082x200-1.jpg 1082w, https:\/\/ecospace.beauvais.fr\/wp-content\/uploads\/2022\/03\/cadastre-1082x200-1-300x55.jpg 300w, https:\/\/ecospace.beauvais.fr\/wp-content\/uploads\/2022\/03\/cadastre-1082x200-1-1024x189.jpg 1024w, https:\/\/ecospace.beauvais.fr\/wp-content\/uploads\/2022\/03\/cadastre-1082x200-1-768x142.jpg 768w\" sizes=\"(max-width: 1082px) 100vw, 1082px\" \/><\/p>\n<p>Le nom de Mie au Roy \u00e9tait autrefois attach\u00e9 et donnait<span style=\"color: #008000;\"><strong> \u00ab\u00a0Miauroy \u00ab\u00a0<\/strong><span style=\"color: #000000;\"> , l<\/span><\/span><span style=\"color: #000000;\">a s\u00e9paration du mot est d\u2019origine populaire, suite \u00e0 plusieurs l\u00e9gendes concernant le site.<\/span><\/p>\n<p>Avant de devenir<strong><span style=\"color: #008000;\"> \u00ab\u00a0Miauroy \u00a0\u00bb <\/span><\/strong>le nom avait d\u00e9j\u00e0 subi plusieurs transformations, <strong><span style=\"color: #008000;\">\u00ab\u00a0Malredum\u00a0\u00bb<\/span><\/strong> pour la version la plus ancienne que l\u2019on pouvait d\u00e9finir comme le mauvais chemin, cette seule route qui reliait Beauvais \u00e0 Troissereux \u00e9tait coinc\u00e9e entre la <strong><span style=\"color: #008000;\">\u00ab falaise du bois Brul\u00e9 \u00bb<\/span><\/strong> et le Th\u00e9rain ce qui la rendait pentue et facilement inondable en son point le plus bas.<\/p>\n<p>C\u2019est cette topographie particuli\u00e8re qui a donn\u00e9 son nom au site.<\/p>\n<p>Il semble que cette appellation soit donc en rapport direct avec la topographie du site.<\/p>\n","protected":false},"excerpt":{"rendered":"<p>Le nom de Mie au Roy \u00e9tait autrefois attach\u00e9 et donnait \u00ab\u00a0Miauroy \u00ab\u00a0 , la s\u00e9paration du mot est d\u2019origine populaire, suite \u00e0 plusieurs l\u00e9gendes concernant le site. Avant de devenir \u00ab\u00a0Miauroy \u00a0\u00bb le nom avait d\u00e9j\u00e0 subi plusieurs transformations, \u00ab\u00a0Malredum\u00a0\u00bb pour la version la plus ancienne que l\u2019on pouvait d\u00e9finir comme le mauvais chemin, cette seule route qui reliait<\/p>\n","protected":false},"author":1,"featured_media":1576,"parent":0,"menu_order":0,"comment_status":"closed","ping_status":"closed","template":"","meta":{"_et_pb_use_builder":"","_et_pb_old_content":"","_et_gb_content_width":"","footnotes":""},"_links":{"self":[{"href":"https:\/\/ecospace.beauvais.fr\/index.php?rest_route=\/wp\/v2\/pages\/1557"}],"collection":[{"href":"https:\/\/ecospace.beauvais.fr\/index.php?rest_route=\/wp\/v2\/pages"}],"about":[{"href":"https:\/\/ecospace.beauvais.fr\/index.php?rest_route=\/wp\/v2\/types\/page"}],"author":[{"embeddable":true,"href":"https:\/\/ecospace.beauvais.fr\/index.php?rest_route=\/wp\/v2\/users\/1"}],"replies":[{"embeddable":true,"href":"https:\/\/ecospace.beauvais.fr\/index.php?rest_route=%2Fwp%2Fv2%2Fcomments&post=1557"}],"version-history":[{"count":3,"href":"https:\/\/ecospace.beauvais.fr\/index.php?rest_route=\/wp\/v2\/pages\/1557\/revisions"}],"predecessor-version":[{"id":2032,"href":"https:\/\/ecospace.beauvais.fr\/index.php?rest_route=\/wp\/v2\/pages\/1557\/revisions\/2032"}],"wp:featuredmedia":[{"embeddable":true,"href":"https:\/\/ecospace.beauvais.fr\/index.php?rest_route=\/wp\/v2\/media\/1576"}],"wp:attachment":[{"href":"https:\/\/ecospace.beauvais.fr\/index.php?rest_route=%2Fwp%2Fv2%2Fmedia&parent=1557"}],"curies":[{"name":"wp","href":"https:\/\/api.w.org\/{rel}","templated":true}]}}