{"id":2,"date":"2012-12-20T14:30:26","date_gmt":"2012-12-20T13:30:26","guid":{"rendered":"http:\/\/ecospace.beauvais.fr\/?page_id=2"},"modified":"2023-02-17T17:21:03","modified_gmt":"2023-02-17T16:21:03","slug":"page-d-exemple","status":"publish","type":"page","link":"https:\/\/ecospace.beauvais.fr\/?page_id=2","title":{"rendered":"l&rsquo;Ecospace vous accueille"},"content":{"rendered":"<p style=\"padding-left: 40px;\"><img loading=\"lazy\" decoding=\"async\" class=\"wp-image-2013 alignleft\" src=\"https:\/\/ecospace.beauvais.fr\/wp-content\/uploads\/2022\/03\/20220323_132918-scaled.jpg\" alt=\"\" width=\"294\" height=\"221\" srcset=\"https:\/\/ecospace.beauvais.fr\/wp-content\/uploads\/2022\/03\/20220323_132918-scaled.jpg 2560w, https:\/\/ecospace.beauvais.fr\/wp-content\/uploads\/2022\/03\/20220323_132918-300x225.jpg 300w, https:\/\/ecospace.beauvais.fr\/wp-content\/uploads\/2022\/03\/20220323_132918-1024x768.jpg 1024w, https:\/\/ecospace.beauvais.fr\/wp-content\/uploads\/2022\/03\/20220323_132918-768x576.jpg 768w, https:\/\/ecospace.beauvais.fr\/wp-content\/uploads\/2022\/03\/20220323_132918-1536x1152.jpg 1536w, https:\/\/ecospace.beauvais.fr\/wp-content\/uploads\/2022\/03\/20220323_132918-2048x1536.jpg 2048w\" sizes=\"(max-width: 294px) 100vw, 294px\" \/><\/p>\n<p style=\"padding-left: 40px;\">L&rsquo;Ecospace de la Mie au Roy est heureux de vous recevoir directement sur le site du lundi au jeudi.<\/p>\n<p style=\"padding-left: 40px;\">Le site se situe \u00e0 proximit\u00e9 du plan d\u2019eau du Canada.<\/p>\n<p>\u00c9cospace est un \u00e9quipement municipal de sensibilisation au d\u00e9veloppement durable.<br \/>\nIl est un lieu d\u2019initiatives d\u00e9di\u00e9es \u00e0 la transition \u00e9cologique et au bien-\u00eatre o\u00f9 des partenaires proposent\u00a0 activit\u00e9s et ateliers tout au long de l&rsquo;ann\u00e9e.<\/p>\n<p style=\"padding-left: 40px;\">Il poss\u00e8de un ensemble d&rsquo;\u00e9quipements et de jardins permettant d&rsquo;informer les familles et de sensibiliser le jeune public aux diverses th\u00e9matiques du d\u00e9veloppement durable au travers d&rsquo;ateliers pratiques et ludiques.<\/p>\n<p style=\"padding-left: 40px;\"><span style=\"color: #ff0000;\"><strong>Concr\u00e8tement, que peut-on voir \u00e0 \u00c9cospace\u00a0?<\/strong><\/span><\/p>\n<p>Sur place vous pourrez d\u00e9couvrir ces m\u00eames \u00e9l\u00e9ments :<\/p>\n<ul>\n<li style=\"list-style-type: none;\">\n<ul>\n<li><span style=\"color: #800080;\">\u00c9olienne de pompage permettant d&rsquo;utiliser de l&rsquo;eau de pluie pour les jardins ;<\/span><\/li>\n<li><span style=\"color: #800080;\">Des sanitaires fonctionnant \u00e0 l&rsquo;eau de pluie ;<\/span><\/li>\n<li><span style=\"color: #800080;\">Le verger compos\u00e9 d&rsquo;essences rustiques et locales ;<\/span><\/li>\n<li><span style=\"color: #800080;\"> Les b\u00e2timents restaur\u00e9s et en cours de restauration par un chantier d&rsquo;insertion&#8230;<\/span><\/li>\n<\/ul>\n<\/li>\n<\/ul>\n<p>Des locaux d&rsquo;animation ayant \u00e9t\u00e9 restaur\u00e9s et permettant \u00e0 tous les publics de d\u00e9couvrir divers sujets li\u00e9s au d\u00e9veloppement durable :<\/p>\n<ul>\n<li style=\"list-style-type: none;\">\n<ul>\n<li style=\"text-align: left;\"><span style=\"color: #800080;\"> le laboratoire<\/span><\/li>\n<li style=\"text-align: left;\"><span style=\"color: #800080;\">la salle d&rsquo;animation<\/span><\/li>\n<li style=\"text-align: left;\"><span style=\"color: #800080;\"> les jardins<\/span><\/li>\n<\/ul>\n<\/li>\n<\/ul>\n","protected":false},"excerpt":{"rendered":"<p>L&rsquo;Ecospace de la Mie au Roy est heureux de vous recevoir directement sur le site du lundi au jeudi. Le site se situe \u00e0 proximit\u00e9 du plan d\u2019eau du Canada. \u00c9cospace est un \u00e9quipement municipal de sensibilisation au d\u00e9veloppement durable. Il est un lieu d\u2019initiatives d\u00e9di\u00e9es \u00e0 la transition \u00e9cologique et au bien-\u00eatre o\u00f9 des partenaires proposent\u00a0 activit\u00e9s et ateliers<\/p>\n","protected":false},"author":1,"featured_media":0,"parent":0,"menu_order":0,"comment_status":"closed","ping_status":"closed","template":"","meta":{"_et_pb_use_builder":"","_et_pb_old_content":"","_et_gb_content_width":"","footnotes":""},"_links":{"self":[{"href":"https:\/\/ecospace.beauvais.fr\/index.php?rest_route=\/wp\/v2\/pages\/2"}],"collection":[{"href":"https:\/\/ecospace.beauvais.fr\/index.php?rest_route=\/wp\/v2\/pages"}],"about":[{"href":"https:\/\/ecospace.beauvais.fr\/index.php?rest_route=\/wp\/v2\/types\/page"}],"author":[{"embeddable":true,"href":"https:\/\/ecospace.beauvais.fr\/index.php?rest_route=\/wp\/v2\/users\/1"}],"replies":[{"embeddable":true,"href":"https:\/\/ecospace.beauvais.fr\/index.php?rest_route=%2Fwp%2Fv2%2Fcomments&post=2"}],"version-history":[{"count":32,"href":"https:\/\/ecospace.beauvais.fr\/index.php?rest_route=\/wp\/v2\/pages\/2\/revisions"}],"predecessor-version":[{"id":2539,"href":"https:\/\/ecospace.beauvais.fr\/index.php?rest_route=\/wp\/v2\/pages\/2\/revisions\/2539"}],"wp:attachment":[{"href":"https:\/\/ecospace.beauvais.fr\/index.php?rest_route=%2Fwp%2Fv2%2Fmedia&parent=2"}],"curies":[{"name":"wp","href":"https:\/\/api.w.org\/{rel}","templated":true}]}}