{"id":2645,"date":"2023-07-21T15:08:49","date_gmt":"2023-07-21T14:08:49","guid":{"rendered":"http:\/\/ecospace.beauvais.fr\/?page_id=2645"},"modified":"2024-01-30T13:58:06","modified_gmt":"2024-01-30T12:58:06","slug":"septembre-2023-oisux","status":"publish","type":"page","link":"https:\/\/ecospace.beauvais.fr\/?page_id=2645","title":{"rendered":"OISUX &#8211; MARS 2024"},"content":{"rendered":"<p>[et_pb_section fb_built=\u00a0\u00bb1&Prime; admin_label=\u00a0\u00bbsection\u00a0\u00bb _builder_version=\u00a0\u00bb4.23.4&Prime; background_color=\u00a0\u00bb#FFFFFF\u00a0\u00bb custom_padding=\u00a0\u00bb12px|||||\u00a0\u00bb global_colors_info=\u00a0\u00bb{}\u00a0\u00bb][et_pb_row admin_label=\u00a0\u00bbrow\u00a0\u00bb _builder_version=\u00a0\u00bb4.23.4&Prime; background_color=\u00a0\u00bb#FFFFFF\u00a0\u00bb background_size=\u00a0\u00bbinitial\u00a0\u00bb background_position=\u00a0\u00bbtop_left\u00a0\u00bb background_repeat=\u00a0\u00bbrepeat\u00a0\u00bb custom_padding=\u00a0\u00bb8px|||9px||\u00a0\u00bb global_colors_info=\u00a0\u00bb{}\u00a0\u00bb min_height=\u00a0\u00bb665.6px\u00a0\u00bb][et_pb_column type=\u00a0\u00bb4_4&Prime; _builder_version=\u00a0\u00bb4.16&Prime; custom_padding=\u00a0\u00bb|||\u00a0\u00bb global_colors_info=\u00a0\u00bb{}\u00a0\u00bb custom_padding__hover=\u00a0\u00bb|||\u00a0\u00bb][et_pb_text admin_label=\u00a0\u00bbText\u00a0\u00bb _builder_version=\u00a0\u00bb4.23.4&Prime; background_color=\u00a0\u00bb#FFFFFF\u00a0\u00bb background_size=\u00a0\u00bbinitial\u00a0\u00bb background_position=\u00a0\u00bbtop_left\u00a0\u00bb background_repeat=\u00a0\u00bbrepeat\u00a0\u00bb global_colors_info=\u00a0\u00bb{}\u00a0\u00bb]<\/p>\n<p><span style=\"color: #0000ff;\"><strong>Les Ateliers r\u00e9guliers<\/strong><\/span><\/p>\n<ul>\n<li><strong>Ecospace<\/strong> de Beauvais &#8211; Tous les mercredis de 18h \u00e0 20h<\/li>\n<li><strong>Mairie de Milly-sur-Th\u00e9rain<\/strong> &#8211; vendredi 1er mars de 17h \u00e0 19h : Atelier informatique pour tous les \u00e2ges<\/li>\n<li><strong>M\u00e9diath\u00e8que de Bresles<\/strong> &#8211; vendredi 8 mars\u00a0 de 15h \u00e0 17h : \u00ab\u00a0G\u00e9rer ses mails\u00a0\u00bb, inscription souhait\u00e9e au 03-65-94-01-07<\/li>\n<li><strong>Mairie de Bury<\/strong> &#8211; vendredi 22 mars de 16h \u00e0 18h : Atelier informatique<\/li>\n<\/ul>\n<p>\u00a0<span style=\"color: #0000ff;\"><strong>Les Samedis du Libre <\/strong><\/span>\u00e0 l&rsquo;Ecospace de 9h30 \u00e0 12h00<\/p>\n<ul>\n<li>\u00a0le 16 mars : Cultivez cos comp\u00e9tences avec Pix<\/li>\n<li>le 23 mars : Utiliser son smartphone Android avec la biblioth\u00e8que F-Dro\u00efd<\/li>\n<li>le 30 mars : Etiquettes et publipostage avec LibreOffice<\/li>\n<\/ul>\n<p>\u00a0<span style=\"font-size: 19px; font-style: normal; font-weight: 500;\">Renseignements et inscriptions : <\/span><strong style=\"font-size: 19px; font-style: normal;\"><em><joomla-hidden-mail is-link=\"1\" is-email=\"1\" first=\"Y29udGFjdA==\" last=\"b2lzdXgub3Jn\" text=\"Y29udGFjdEBvaXN1eC5vcmc=\" base=\"\"><a href=\"mailto:contact@oisux.org\" base=\"\">\u00a0contact@oisux.org<\/a><\/joomla-hidden-mail>\u00a0ou en appelant le 07 49 67 26 66<\/em><\/strong><\/p>\n<div class=\"wp-block-columns\"><!-- \/divi:column --> <!-- divi:column --><\/p>\n<div class=\"wp-block-column\"><!-- divi:image {\"align\":\"center\",\"id\":2647,\"width\":319,\"height\":103,\"sizeSlug\":\"full\",\"linkDestination\":\"none\"} --><\/p>\n<figure class=\"wp-block-image aligncenter size-full is-resized\"><img loading=\"lazy\" decoding=\"async\" src=\"https:\/\/ecospace.beauvais.fr\/wp-content\/uploads\/2023\/07\/image.png\" alt=\"\" class=\"wp-image-2647\" width=\"319\" height=\"103\" srcset=\"https:\/\/ecospace.beauvais.fr\/wp-content\/uploads\/2023\/07\/image.png 1024w, https:\/\/ecospace.beauvais.fr\/wp-content\/uploads\/2023\/07\/image-300x98.png 300w, https:\/\/ecospace.beauvais.fr\/wp-content\/uploads\/2023\/07\/image-768x250.png 768w, https:\/\/ecospace.beauvais.fr\/wp-content\/uploads\/2023\/07\/image-860x280.png 860w\" sizes=\"(max-width: 319px) 100vw, 319px\" \/><\/figure>\n<p><!-- \/divi:image --><\/div>\n<p><!-- \/divi:column --><\/div>\n<p>&nbsp;<\/p>\n<p>&nbsp;<\/p>\n<p>&nbsp;<\/p>\n<p>&nbsp;<\/p>\n<p><!-- \/divi:columns --><\/p>\n<p>[\/et_pb_text][\/et_pb_column][\/et_pb_row][\/et_pb_section]<\/p>\n","protected":false},"excerpt":{"rendered":"<p>Les Ateliers r\u00e9guliers Ecospace de Beauvais &#8211; Tous&#8230;<\/p>\n","protected":false},"author":1,"featured_media":0,"parent":0,"menu_order":0,"comment_status":"closed","ping_status":"closed","template":"","meta":{"_et_pb_use_builder":"on","_et_pb_old_content":"<!-- wp:paragraph {\"style\":{\"color\":{\"gradient\":\"linear-gradient(135deg,rgba(247,235,2,0.66) 0%,rgba(4,0,8,0.45) 100%)\"}}} -->\n<p class=\"has-background\" style=\"background:linear-gradient(135deg,rgba(247,235,2,0.66) 0%,rgba(4,0,8,0.45) 100%)\"><strong>Ateliers r\u00e9guliers<\/strong><br><br>Ecospace\u00a0de Beauvais<br>Tous les\u00a0mercredis\u00a0de 18h \u00e0 20h<br>au 136 rue de la Mie au Roy, en face du Plan d'eau du Canada : reprise\u00a0mercredi\u00a006 septembre<br><br>Milly-sur-Th\u00e9rain<br>Chaque 1er\u00a0vendredi\u00a0de chaque mois de 17h \u00e0 19h<br>au 34 rue de Dieppe, salle de la mairie : reprise\u00a0vendredi\u00a008 septembre<\/p>\n<!-- \/wp:paragraph -->\n\n<!-- wp:paragraph {\"style\":{\"color\":{\"gradient\":\"linear-gradient(232deg,rgba(247,235,2,0.66) 11%,rgba(4,0,8,0.45) 89%)\"}}} -->\n<p class=\"has-background\" style=\"background:linear-gradient(232deg,rgba(247,235,2,0.66) 11%,rgba(4,0,8,0.45) 89%)\"><strong><strong>Participation \u00e0 des \u00e9v\u00e8nements<\/strong><\/strong><br><br>Journ\u00e9e portes-ouvertes \u00e0 l'Ecospace \"Nature et Bien-\u00eatre en f\u00eate\"<br>dimanche\u00a03 septembre de 10h \u00e0 18h<br><br>Stand au Forum des associations \u00e0 l'Elispace de Beauvais<br>samedi\u00a09 septembre de 10h \u00e0 17h<br><br>Samedi-du-Libre sur \"Mastodon, r\u00e9seau social alternatif \u00e0 Twitter\", atelier en\u00a0<a rel=\"noreferrer noopener\" href=\"https:\/\/url.oisux.org\/samedi-du-libre\" target=\"_blank\">visio<\/a><br>samedi\u00a016 septembre de 9h30 \u00e0 12h00<br><br>Assembl\u00e9e G\u00e9n\u00e9rale de l'association \u00e0 l'Ecospace<br>samedi\u00a023 septembre de 10h \u00e0 12h<\/p>\n<!-- \/wp:paragraph -->\n\n<!-- wp:columns -->\n<div class=\"wp-block-columns\"><!-- wp:column {\"width\":\"100%\"} -->\n<div class=\"wp-block-column\" style=\"flex-basis:100%\"><\/div>\n<!-- \/wp:column --><\/div>\n<!-- \/wp:columns -->\n\n<!-- wp:columns -->\n<div class=\"wp-block-columns\"><!-- wp:column -->\n<div class=\"wp-block-column\"><!-- wp:paragraph {\"align\":\"center\",\"style\":{\"typography\":{\"fontSize\":\"19px\"}}} -->\n<p class=\"has-text-align-center\" style=\"font-size:19px\">RENSEIGNEMENTS ET INSCRIPTIONS<br>07 49 67 26 66&nbsp;<br>contact@oisux.org<\/p>\n<!-- \/wp:paragraph --><\/div>\n<!-- \/wp:column -->\n\n<!-- wp:column -->\n<div class=\"wp-block-column\"><!-- wp:image {\"align\":\"center\",\"id\":2647,\"width\":319,\"height\":103,\"sizeSlug\":\"full\",\"linkDestination\":\"none\"} -->\n<figure class=\"wp-block-image aligncenter size-full is-resized\"><img src=\"http:\/\/ecospace.beauvais.fr\/wp-content\/uploads\/2023\/07\/image.png\" alt=\"\" class=\"wp-image-2647\" width=\"319\" height=\"103\"\/><\/figure>\n<!-- \/wp:image --><\/div>\n<!-- \/wp:column --><\/div>\n<!-- \/wp:columns -->","_et_gb_content_width":"","footnotes":""},"_links":{"self":[{"href":"https:\/\/ecospace.beauvais.fr\/index.php?rest_route=\/wp\/v2\/pages\/2645"}],"collection":[{"href":"https:\/\/ecospace.beauvais.fr\/index.php?rest_route=\/wp\/v2\/pages"}],"about":[{"href":"https:\/\/ecospace.beauvais.fr\/index.php?rest_route=\/wp\/v2\/types\/page"}],"author":[{"embeddable":true,"href":"https:\/\/ecospace.beauvais.fr\/index.php?rest_route=\/wp\/v2\/users\/1"}],"replies":[{"embeddable":true,"href":"https:\/\/ecospace.beauvais.fr\/index.php?rest_route=%2Fwp%2Fv2%2Fcomments&post=2645"}],"version-history":[{"count":13,"href":"https:\/\/ecospace.beauvais.fr\/index.php?rest_route=\/wp\/v2\/pages\/2645\/revisions"}],"predecessor-version":[{"id":2781,"href":"https:\/\/ecospace.beauvais.fr\/index.php?rest_route=\/wp\/v2\/pages\/2645\/revisions\/2781"}],"wp:attachment":[{"href":"https:\/\/ecospace.beauvais.fr\/index.php?rest_route=%2Fwp%2Fv2%2Fmedia&parent=2645"}],"curies":[{"name":"wp","href":"https:\/\/api.w.org\/{rel}","templated":true}]}}