{"id":2998,"date":"2024-10-04T14:45:05","date_gmt":"2024-10-04T13:45:05","guid":{"rendered":"https:\/\/ecospace.beauvais.fr\/?page_id=2998"},"modified":"2024-10-04T14:45:05","modified_gmt":"2024-10-04T13:45:05","slug":"les-5-saisons","status":"publish","type":"page","link":"https:\/\/ecospace.beauvais.fr\/?page_id=2998","title":{"rendered":"Les 5 saisons"},"content":{"rendered":"\n<figure class=\"wp-block-image size-large is-resized\"><img loading=\"lazy\" decoding=\"async\" width=\"1024\" height=\"1024\" src=\"https:\/\/ecospace.beauvais.fr\/wp-content\/uploads\/2024\/10\/image-1024x1024.png\" alt=\"\" class=\"wp-image-2999\" style=\"width:119px;height:auto\" srcset=\"https:\/\/ecospace.beauvais.fr\/wp-content\/uploads\/2024\/10\/image-1024x1024.png 1024w, https:\/\/ecospace.beauvais.fr\/wp-content\/uploads\/2024\/10\/image-300x300.png 300w, https:\/\/ecospace.beauvais.fr\/wp-content\/uploads\/2024\/10\/image-170x170.png 170w, https:\/\/ecospace.beauvais.fr\/wp-content\/uploads\/2024\/10\/image-768x768.png 768w, https:\/\/ecospace.beauvais.fr\/wp-content\/uploads\/2024\/10\/image-1536x1536.png 1536w, https:\/\/ecospace.beauvais.fr\/wp-content\/uploads\/2024\/10\/image-2048x2048.png 2048w, https:\/\/ecospace.beauvais.fr\/wp-content\/uploads\/2024\/10\/image-1080x1080.png 1080w, https:\/\/ecospace.beauvais.fr\/wp-content\/uploads\/2024\/10\/image-90x90.png 90w, https:\/\/ecospace.beauvais.fr\/wp-content\/uploads\/2024\/10\/image-75x75.png 75w\" sizes=\"(max-width: 1024px) 100vw, 1024px\" \/><\/figure>\n\n\n\n<p>L\u2019association <strong><u>LES 5 SAISONS<\/u><\/strong> vous propose QI GONG \u2013 TA\u00cfCHI CHUAN \u2013 M\u00c9DITATION sur les principes du DAO DE L\u2019HARMONIE Mouvements \u00e9nerg\u00e9tiques<br>Prenez un temps pour vous !<\/p>\n\n\n\n<p><strong>Ses principaux bienfaits :\u00a0<\/strong><br>\u2022 Favorise une d\u00e9tente corporelle et mentale<br>\u2022 Calme l\u2019esprit, renforce la m\u00e9moire, aide \u00e0 g\u00e9rer ses \u00e9motions<br>\u2022 Revitalise<br>\u2022 Renforce les muscles<br>\u2022 Renforce l\u2019immunit\u00e9<br>\u2022 Favorise le sommeil et am\u00e9liore la performance physique.<\/p>\n\n\n\n<p class=\"has-text-align-center\">Le lundi \u00e0 17h30\u00a0Ta\u00efchi Chuan &amp; \u00e0 18h30\u00a0Qi Gong<br>Le vendredi \u00e0 17h30\u00a0M\u00e9ditation &amp; \u00e0 18h30\u00a0Qi Gong<br><br>Contact : 06 13 21 80 49 &#8211; benjamine.kerro@gmail.com<\/p>\n","protected":false},"excerpt":{"rendered":"<p>L\u2019association LES 5 SAISONS vous propose QI GONG \u2013 TA\u00cfCHI CHUAN \u2013 M\u00c9DITATION sur les principes du DAO DE L\u2019HARMONIE Mouvements \u00e9nerg\u00e9tiquesPrenez un temps pour vous ! Ses principaux bienfaits :\u00a0\u2022 Favorise une d\u00e9tente corporelle et mentale\u2022 Calme l\u2019esprit, renforce la m\u00e9moire, aide \u00e0 g\u00e9rer ses \u00e9motions\u2022 Revitalise\u2022 Renforce les muscles\u2022 Renforce l\u2019immunit\u00e9\u2022 Favorise le sommeil et am\u00e9liore la performance<\/p>\n","protected":false},"author":1,"featured_media":0,"parent":0,"menu_order":0,"comment_status":"closed","ping_status":"closed","template":"","meta":{"_et_pb_use_builder":"off","_et_pb_old_content":"","_et_gb_content_width":"","footnotes":""},"_links":{"self":[{"href":"https:\/\/ecospace.beauvais.fr\/index.php?rest_route=\/wp\/v2\/pages\/2998"}],"collection":[{"href":"https:\/\/ecospace.beauvais.fr\/index.php?rest_route=\/wp\/v2\/pages"}],"about":[{"href":"https:\/\/ecospace.beauvais.fr\/index.php?rest_route=\/wp\/v2\/types\/page"}],"author":[{"embeddable":true,"href":"https:\/\/ecospace.beauvais.fr\/index.php?rest_route=\/wp\/v2\/users\/1"}],"replies":[{"embeddable":true,"href":"https:\/\/ecospace.beauvais.fr\/index.php?rest_route=%2Fwp%2Fv2%2Fcomments&post=2998"}],"version-history":[{"count":1,"href":"https:\/\/ecospace.beauvais.fr\/index.php?rest_route=\/wp\/v2\/pages\/2998\/revisions"}],"predecessor-version":[{"id":3000,"href":"https:\/\/ecospace.beauvais.fr\/index.php?rest_route=\/wp\/v2\/pages\/2998\/revisions\/3000"}],"wp:attachment":[{"href":"https:\/\/ecospace.beauvais.fr\/index.php?rest_route=%2Fwp%2Fv2%2Fmedia&parent=2998"}],"curies":[{"name":"wp","href":"https:\/\/api.w.org\/{rel}","templated":true}]}}