{"id":3003,"date":"2024-10-04T15:04:00","date_gmt":"2024-10-04T14:04:00","guid":{"rendered":"https:\/\/ecospace.beauvais.fr\/?page_id=3003"},"modified":"2024-10-04T15:04:00","modified_gmt":"2024-10-04T14:04:00","slug":"elixir-de-vie","status":"publish","type":"page","link":"https:\/\/ecospace.beauvais.fr\/?page_id=3003","title":{"rendered":"Elixir de vie"},"content":{"rendered":"\n<div class=\"wp-block-media-text is-stacked-on-mobile\" style=\"grid-template-columns:33% auto\"><figure class=\"wp-block-media-text__media\"><img loading=\"lazy\" decoding=\"async\" width=\"500\" height=\"500\" src=\"https:\/\/ecospace.beauvais.fr\/wp-content\/uploads\/2024\/10\/Logo-Elixir-de-vie.jpg\" alt=\"\" class=\"wp-image-3004 size-full\" srcset=\"https:\/\/ecospace.beauvais.fr\/wp-content\/uploads\/2024\/10\/Logo-Elixir-de-vie.jpg 500w, https:\/\/ecospace.beauvais.fr\/wp-content\/uploads\/2024\/10\/Logo-Elixir-de-vie-300x300.jpg 300w, https:\/\/ecospace.beauvais.fr\/wp-content\/uploads\/2024\/10\/Logo-Elixir-de-vie-170x170.jpg 170w, https:\/\/ecospace.beauvais.fr\/wp-content\/uploads\/2024\/10\/Logo-Elixir-de-vie-90x90.jpg 90w, https:\/\/ecospace.beauvais.fr\/wp-content\/uploads\/2024\/10\/Logo-Elixir-de-vie-75x75.jpg 75w\" sizes=\"(max-width: 500px) 100vw, 500px\" \/><\/figure><div class=\"wp-block-media-text__content\">\n<p class=\"has-text-align-center\">L&rsquo;association ELIXIR DE VIE est pr\u00e9sente sur \u00c9cospace pour promouvoir la pratique du yoga et des m\u00e9thodes Pilates et de Gasquet.<\/p>\n\n\n\n<p class=\"has-text-align-center\">Le mercredi &#8211; 18h Pilates &amp; m\u00e9thode de Gasquet &#8211; 19h Yin Yoga<br>Le jeudi &#8211; 9h30 Yoga sur chaise &#8211; 10h30 Pilates &amp; m\u00e9thode de Gasquet<br><br>Contact : elixirdevie.asso@gmail.com<\/p>\n\n\n\n<figure class=\"wp-block-image size-full\"><img loading=\"lazy\" decoding=\"async\" width=\"851\" height=\"315\" src=\"https:\/\/ecospace.beauvais.fr\/wp-content\/uploads\/2024\/10\/ELIXIR-2.jpg\" alt=\"\" class=\"wp-image-3009\" srcset=\"https:\/\/ecospace.beauvais.fr\/wp-content\/uploads\/2024\/10\/ELIXIR-2.jpg 851w, https:\/\/ecospace.beauvais.fr\/wp-content\/uploads\/2024\/10\/ELIXIR-2-300x111.jpg 300w, https:\/\/ecospace.beauvais.fr\/wp-content\/uploads\/2024\/10\/ELIXIR-2-768x284.jpg 768w\" sizes=\"(max-width: 851px) 100vw, 851px\" \/><\/figure>\n\n\n\n<figure class=\"wp-block-gallery has-nested-images columns-default is-cropped wp-block-gallery-1 is-layout-flex wp-block-gallery-is-layout-flex\">\n<figure class=\"wp-block-image size-large\"><img loading=\"lazy\" decoding=\"async\" width=\"586\" height=\"417\" src=\"https:\/\/ecospace.beauvais.fr\/wp-content\/uploads\/2024\/10\/ELIXIR-ecospace.jpg\" alt=\"\" class=\"wp-image-3005\" srcset=\"https:\/\/ecospace.beauvais.fr\/wp-content\/uploads\/2024\/10\/ELIXIR-ecospace.jpg 586w, https:\/\/ecospace.beauvais.fr\/wp-content\/uploads\/2024\/10\/ELIXIR-ecospace-300x213.jpg 300w, https:\/\/ecospace.beauvais.fr\/wp-content\/uploads\/2024\/10\/ELIXIR-ecospace-400x284.jpg 400w\" sizes=\"(max-width: 586px) 100vw, 586px\" \/><\/figure>\n\n\n\n<figure class=\"wp-block-image size-large\"><img loading=\"lazy\" decoding=\"async\" width=\"683\" height=\"1024\" src=\"https:\/\/ecospace.beauvais.fr\/wp-content\/uploads\/2024\/10\/DSC_1051-683x1024.jpg\" alt=\"\" class=\"wp-image-3007\" srcset=\"https:\/\/ecospace.beauvais.fr\/wp-content\/uploads\/2024\/10\/DSC_1051-683x1024.jpg 683w, https:\/\/ecospace.beauvais.fr\/wp-content\/uploads\/2024\/10\/DSC_1051-200x300.jpg 200w, https:\/\/ecospace.beauvais.fr\/wp-content\/uploads\/2024\/10\/DSC_1051-768x1152.jpg 768w, https:\/\/ecospace.beauvais.fr\/wp-content\/uploads\/2024\/10\/DSC_1051-1024x1536.jpg 1024w, https:\/\/ecospace.beauvais.fr\/wp-content\/uploads\/2024\/10\/DSC_1051-1365x2048.jpg 1365w, https:\/\/ecospace.beauvais.fr\/wp-content\/uploads\/2024\/10\/DSC_1051-1080x1620.jpg 1080w, https:\/\/ecospace.beauvais.fr\/wp-content\/uploads\/2024\/10\/DSC_1051-scaled.jpg 1707w\" sizes=\"(max-width: 683px) 100vw, 683px\" \/><\/figure>\n<\/figure>\n<\/div><\/div>\n","protected":false},"excerpt":{"rendered":"","protected":false},"author":1,"featured_media":0,"parent":0,"menu_order":0,"comment_status":"closed","ping_status":"closed","template":"","meta":{"_et_pb_use_builder":"off","_et_pb_old_content":"","_et_gb_content_width":"","footnotes":""},"_links":{"self":[{"href":"https:\/\/ecospace.beauvais.fr\/index.php?rest_route=\/wp\/v2\/pages\/3003"}],"collection":[{"href":"https:\/\/ecospace.beauvais.fr\/index.php?rest_route=\/wp\/v2\/pages"}],"about":[{"href":"https:\/\/ecospace.beauvais.fr\/index.php?rest_route=\/wp\/v2\/types\/page"}],"author":[{"embeddable":true,"href":"https:\/\/ecospace.beauvais.fr\/index.php?rest_route=\/wp\/v2\/users\/1"}],"replies":[{"embeddable":true,"href":"https:\/\/ecospace.beauvais.fr\/index.php?rest_route=%2Fwp%2Fv2%2Fcomments&post=3003"}],"version-history":[{"count":1,"href":"https:\/\/ecospace.beauvais.fr\/index.php?rest_route=\/wp\/v2\/pages\/3003\/revisions"}],"predecessor-version":[{"id":3010,"href":"https:\/\/ecospace.beauvais.fr\/index.php?rest_route=\/wp\/v2\/pages\/3003\/revisions\/3010"}],"wp:attachment":[{"href":"https:\/\/ecospace.beauvais.fr\/index.php?rest_route=%2Fwp%2Fv2%2Fmedia&parent=3003"}],"curies":[{"name":"wp","href":"https:\/\/api.w.org\/{rel}","templated":true}]}}