{"id":3016,"date":"2024-10-08T15:09:20","date_gmt":"2024-10-08T14:09:20","guid":{"rendered":"https:\/\/ecospace.beauvais.fr\/?page_id=3016"},"modified":"2024-10-08T15:09:20","modified_gmt":"2024-10-08T14:09:20","slug":"omyin","status":"publish","type":"page","link":"https:\/\/ecospace.beauvais.fr\/?page_id=3016","title":{"rendered":"OMYIN"},"content":{"rendered":"\n<div class=\"wp-block-media-text is-stacked-on-mobile\" style=\"grid-template-columns:19% auto\"><figure class=\"wp-block-media-text__media\"><img loading=\"lazy\" decoding=\"async\" width=\"225\" height=\"225\" src=\"https:\/\/ecospace.beauvais.fr\/wp-content\/uploads\/2024\/10\/Logo-Omyin.jpg\" alt=\"\" class=\"wp-image-3013 size-full\" srcset=\"https:\/\/ecospace.beauvais.fr\/wp-content\/uploads\/2024\/10\/Logo-Omyin.jpg 225w, https:\/\/ecospace.beauvais.fr\/wp-content\/uploads\/2024\/10\/Logo-Omyin-170x170.jpg 170w, https:\/\/ecospace.beauvais.fr\/wp-content\/uploads\/2024\/10\/Logo-Omyin-90x90.jpg 90w, https:\/\/ecospace.beauvais.fr\/wp-content\/uploads\/2024\/10\/Logo-Omyin-75x75.jpg 75w\" sizes=\"(max-width: 225px) 100vw, 225px\" \/><\/figure><div class=\"wp-block-media-text__content\">\n<p>L\u2019association <strong>OMYIN <\/strong>vous accueille pour vous \u00ab relaxer \u00bb.<\/p>\n\n\n\n<p>La relaxologie au sein de l\u2019association c\u2019est : la pratique du yin yoga ( \u00e9loge de la lenteur, bonne pratique pour les d\u00e9butants), la m\u00e9ditation, la sophrologie ainsi que des conseils en hygi\u00e8ne vitale et du coaching holistique.<\/p>\n\n\n\n<p>En passant par le psychique, le mental, le corps et l\u2019esprit, vous pourrez atteindre un niveau de paix int\u00e9rieure, une lib\u00e9ration du stress, retrouver confiance en soi et une bonne sant\u00e9 mentale.<\/p>\n\n\n\n<p>En 2025 nous accentuerons nos ateliers sur les th\u00e8mes de la sant\u00e9 mentale .<\/p>\n\n\n\n<p>\u00c0 bient\u00f4t pour une s\u00e9ance d\u00e9couverte (gratuite )<\/p>\n\n\n\n<p class=\"has-text-align-center\">Sur r\u00e9servation uniquement.<br>associationomyin@gmail.com ou au 06.14.92.62.62<\/p>\n\n\n\n<p class=\"has-text-align-center\">Ombline Leleu- Relaxologue et pr\u00e9sidente de l\u2019association OMYIN&nbsp;<\/p>\n<\/div><\/div>\n","protected":false},"excerpt":{"rendered":"<p>L\u2019association OMYIN vous accueille pour vous \u00ab relaxer \u00bb. La relaxologie au sein de l\u2019association c\u2019est : la pratique du yin yoga ( \u00e9loge de la lenteur, bonne pratique pour les d\u00e9butants), la m\u00e9ditation, la sophrologie ainsi que des conseils en hygi\u00e8ne vitale et du coaching holistique. En passant par le psychique, le mental, le corps et l\u2019esprit, vous pourrez<\/p>\n","protected":false},"author":1,"featured_media":0,"parent":0,"menu_order":0,"comment_status":"closed","ping_status":"closed","template":"","meta":{"_et_pb_use_builder":"off","_et_pb_old_content":"","_et_gb_content_width":"","footnotes":""},"_links":{"self":[{"href":"https:\/\/ecospace.beauvais.fr\/index.php?rest_route=\/wp\/v2\/pages\/3016"}],"collection":[{"href":"https:\/\/ecospace.beauvais.fr\/index.php?rest_route=\/wp\/v2\/pages"}],"about":[{"href":"https:\/\/ecospace.beauvais.fr\/index.php?rest_route=\/wp\/v2\/types\/page"}],"author":[{"embeddable":true,"href":"https:\/\/ecospace.beauvais.fr\/index.php?rest_route=\/wp\/v2\/users\/1"}],"replies":[{"embeddable":true,"href":"https:\/\/ecospace.beauvais.fr\/index.php?rest_route=%2Fwp%2Fv2%2Fcomments&post=3016"}],"version-history":[{"count":1,"href":"https:\/\/ecospace.beauvais.fr\/index.php?rest_route=\/wp\/v2\/pages\/3016\/revisions"}],"predecessor-version":[{"id":3017,"href":"https:\/\/ecospace.beauvais.fr\/index.php?rest_route=\/wp\/v2\/pages\/3016\/revisions\/3017"}],"wp:attachment":[{"href":"https:\/\/ecospace.beauvais.fr\/index.php?rest_route=%2Fwp%2Fv2%2Fmedia&parent=3016"}],"curies":[{"name":"wp","href":"https:\/\/api.w.org\/{rel}","templated":true}]}}