{"id":44,"date":"2013-01-03T11:52:08","date_gmt":"2013-01-03T10:52:08","guid":{"rendered":"http:\/\/ecospace.beauvais.fr\/?page_id=44"},"modified":"2022-06-15T14:48:09","modified_gmt":"2022-06-15T13:48:09","slug":"le-projet-municipal","status":"publish","type":"page","link":"https:\/\/ecospace.beauvais.fr\/?page_id=44","title":{"rendered":"Les travaux"},"content":{"rendered":"\n[et_pb_section][et_pb_row][et_pb_column type=\u00a0\u00bb4_4&Prime;][et_pb_text]<b>Les travaux ont pour objectif la <b>transformation d&rsquo;une anc<b>ienne ferme <b>en <\/b><\/b><\/b>une structure d\u2019\u00e9ducation au d\u00e9veloppement durable :<\/b>\n\nLes locaux de la ferme sont&nbsp;en restauration depuis juin 2004. Ils permettent depuis 2007 d&rsquo;accueillir le public et de proposer des bureaux \u00e0 des associations impliqu\u00e9es dans le d\u00e9veloppement durable.\n\nUne d\u00e9marche de qualit\u00e9 environnementale des constructions est employ\u00e9e sur le site avec notamment un travail sur les r\u00e9cup\u00e9rations de l&rsquo;eau de pluie (jardins et sanitaires), l&rsquo;\u00e9nergie (niveau d&rsquo;isolation \u00e9lev\u00e9, chaufferie bois, eau chaude sanitaire par le solaire), choix de mat\u00e9riaux alternatifs (laine de chanvre pour l&rsquo;isolation, Fermacell pour les cloisons, briques traditionnelles pour les murs), bonne int\u00e9gration dans son environnement (d\u00e9marche d&rsquo;int\u00e9gration paysag\u00e8re, pr\u00e9servation du patrimoine b\u00e2ti ancien).\n\nUn premier ensemble de salles d&rsquo;animation et formation a \u00e9t\u00e9 livr\u00e9 en janvier 2008 : l&rsquo;ancienne remise \u00e0 charbon (actuellement le bureau d&rsquo;accueil) et l&rsquo;ancienne \u00e9table (devenue des bureaux, salles de r\u00e9union et d&rsquo;animation). L&rsquo;antenne d\u00e9partementale du Conservatoire d&rsquo;Espaces Naturels des Hauts-de-France a emm\u00e9nag\u00e9 dans les bureaux de l&rsquo;ancienne \u00e9table.<b><b><\/b><\/b>\n\nDes bureaux associatifs ont \u00e9t\u00e9 livr\u00e9s en juin 2019 : ils accueillent le Conservatoire d&rsquo;Espaces Naturels des Hauts-de-France mais aussi ALEP 60, Beauvais z\u00e9ro d\u00e9chet, Collembole et Oisux.\n\nActuellement, les travaux concernent essentiellement la grange.[\/et_pb_text][\/et_pb_column][\/et_pb_row][\/et_pb_section]\n","protected":false},"excerpt":{"rendered":"<p>Les travaux ont pour objectif la transformation&#8230;<\/p>\n","protected":false},"author":1,"featured_media":0,"parent":0,"menu_order":0,"comment_status":"open","ping_status":"closed","template":"","meta":{"_et_pb_use_builder":"on","_et_pb_old_content":"<b>Les travaux ont pour objectif la <b>transformation d'une anc<b>ienne ferme <b>en <\/b><\/b><\/b>une structure d\u2019\u00e9ducation au d\u00e9veloppement durable :<\/b>\n\nLes locaux de la ferme sont&nbsp;en restauration depuis juin 2004. Ils permettent depuis 2007 d'accueillir le public et de proposer des bureaux \u00e0 des associations impliqu\u00e9es dans le d\u00e9veloppement durable.\n\nUne d\u00e9marche de qualit\u00e9 environnementale des constructions est employ\u00e9e sur le site avec notamment un travail sur les r\u00e9cup\u00e9rations de l'eau de pluie (jardins et sanitaires), l'\u00e9nergie (niveau d'isolation \u00e9lev\u00e9, chaufferie bois, eau chaude sanitaire par le solaire), choix de mat\u00e9riaux alternatifs (laine de chanvre pour l'isolation, Fermacell pour les cloisons, briques traditionnelles pour les murs), bonne int\u00e9gration dans son environnement (d\u00e9marche d'int\u00e9gration paysag\u00e8re, pr\u00e9servation du patrimoine b\u00e2ti ancien).\n\nUn premier ensemble de salles d'animation et formation a \u00e9t\u00e9 livr\u00e9 en janvier 2008 : l'ancienne remise \u00e0 charbon (actuellement le bureau d'accueil) et l'ancienne \u00e9table (devenue des bureaux, salles de r\u00e9union et d'animation). L'antenne d\u00e9partementale du Conservatoire d'Espaces Naturels des Hauts-de-France a emm\u00e9nag\u00e9 dans les bureaux de l'ancienne \u00e9table.<b><b><\/b><\/b>\n\nDes bureaux associatifs ont \u00e9t\u00e9 livr\u00e9s en juin 2019 : ils accueillent le Conservatoire d'Espaces Naturels des Hauts-de-France mais aussi ALEP 60, Beauvais z\u00e9ro d\u00e9chet, Collembole et Oisux.\n\nActuellement, les travaux concernent essentiellement la grange.","_et_gb_content_width":"","footnotes":""},"_links":{"self":[{"href":"https:\/\/ecospace.beauvais.fr\/index.php?rest_route=\/wp\/v2\/pages\/44"}],"collection":[{"href":"https:\/\/ecospace.beauvais.fr\/index.php?rest_route=\/wp\/v2\/pages"}],"about":[{"href":"https:\/\/ecospace.beauvais.fr\/index.php?rest_route=\/wp\/v2\/types\/page"}],"author":[{"embeddable":true,"href":"https:\/\/ecospace.beauvais.fr\/index.php?rest_route=\/wp\/v2\/users\/1"}],"replies":[{"embeddable":true,"href":"https:\/\/ecospace.beauvais.fr\/index.php?rest_route=%2Fwp%2Fv2%2Fcomments&post=44"}],"version-history":[{"count":16,"href":"https:\/\/ecospace.beauvais.fr\/index.php?rest_route=\/wp\/v2\/pages\/44\/revisions"}],"predecessor-version":[{"id":2285,"href":"https:\/\/ecospace.beauvais.fr\/index.php?rest_route=\/wp\/v2\/pages\/44\/revisions\/2285"}],"wp:attachment":[{"href":"https:\/\/ecospace.beauvais.fr\/index.php?rest_route=%2Fwp%2Fv2%2Fmedia&parent=44"}],"curies":[{"name":"wp","href":"https:\/\/api.w.org\/{rel}","templated":true}]}}