{"id":54,"date":"2013-01-03T11:47:25","date_gmt":"2013-01-03T10:47:25","guid":{"rendered":"http:\/\/ecospace.beauvais.fr\/?page_id=54"},"modified":"2022-06-15T14:48:09","modified_gmt":"2022-06-15T13:48:09","slug":"les-associations","status":"publish","type":"page","link":"https:\/\/ecospace.beauvais.fr\/?page_id=54","title":{"rendered":"Les partenaires"},"content":{"rendered":"<p>Le site accueille des structures <strong>recherchant des locaux pour mener \u00e0 bien leurs actions<\/strong>. Elles sont soit h\u00e9berg\u00e9es \u00e0 demeure (Conservatoire d&rsquo;Espaces Naturels des Hauts-de-France, ALEP, Collembole &amp; Cie, OIsux et Beauvais Z\u00e9ro d\u00e9chets) soit elles viennent ponctuellement (Corr\u00e9lation, l&rsquo;Atelier des lits\u00e9es citronn\u00e9es&#8230;).<br \/>\nLes Jardins durables de la Mie au Roy occupent quant \u00e0 eux 18 parcelles o\u00f9 est interdit notamment l&rsquo;utilisation de<br \/>\nproduits phytosanitaires.<\/p>\n","protected":false},"excerpt":{"rendered":"<p>Le site accueille des structures recherchant des locaux pour mener \u00e0 bien leurs actions. Elles sont soit h\u00e9berg\u00e9es \u00e0 demeure (Conservatoire d&rsquo;Espaces Naturels des Hauts-de-France, ALEP, Collembole &amp; Cie, OIsux et Beauvais Z\u00e9ro d\u00e9chets) soit elles viennent ponctuellement (Corr\u00e9lation, l&rsquo;Atelier des lits\u00e9es citronn\u00e9es&#8230;). Les Jardins durables de la Mie au Roy occupent quant \u00e0 eux 18 parcelles o\u00f9 est interdit<\/p>\n","protected":false},"author":1,"featured_media":0,"parent":0,"menu_order":0,"comment_status":"open","ping_status":"open","template":"","meta":{"_et_pb_use_builder":"","_et_pb_old_content":"","_et_gb_content_width":"","footnotes":""},"_links":{"self":[{"href":"https:\/\/ecospace.beauvais.fr\/index.php?rest_route=\/wp\/v2\/pages\/54"}],"collection":[{"href":"https:\/\/ecospace.beauvais.fr\/index.php?rest_route=\/wp\/v2\/pages"}],"about":[{"href":"https:\/\/ecospace.beauvais.fr\/index.php?rest_route=\/wp\/v2\/types\/page"}],"author":[{"embeddable":true,"href":"https:\/\/ecospace.beauvais.fr\/index.php?rest_route=\/wp\/v2\/users\/1"}],"replies":[{"embeddable":true,"href":"https:\/\/ecospace.beauvais.fr\/index.php?rest_route=%2Fwp%2Fv2%2Fcomments&post=54"}],"version-history":[{"count":10,"href":"https:\/\/ecospace.beauvais.fr\/index.php?rest_route=\/wp\/v2\/pages\/54\/revisions"}],"predecessor-version":[{"id":1431,"href":"https:\/\/ecospace.beauvais.fr\/index.php?rest_route=\/wp\/v2\/pages\/54\/revisions\/1431"}],"wp:attachment":[{"href":"https:\/\/ecospace.beauvais.fr\/index.php?rest_route=%2Fwp%2Fv2%2Fmedia&parent=54"}],"curies":[{"name":"wp","href":"https:\/\/api.w.org\/{rel}","templated":true}]}}