{"id":59,"date":"2013-01-03T11:50:37","date_gmt":"2013-01-03T10:50:37","guid":{"rendered":"http:\/\/ecospace.beauvais.fr\/?page_id=59"},"modified":"2022-06-15T14:48:09","modified_gmt":"2022-06-15T13:48:09","slug":"la-presentation","status":"publish","type":"page","link":"https:\/\/ecospace.beauvais.fr\/?page_id=59","title":{"rendered":"Pr\u00e9sentation de L&rsquo;Ecospace."},"content":{"rendered":"\n[et_pb_section][et_pb_row][et_pb_column type=\u00a0\u00bb4_4&Prime;][et_pb_text]<p style=\"padding-left: 40px;\"><img loading=\"lazy\" decoding=\"async\" class=\"alignleft  wp-image-2015\" src=\"https:\/\/ecospace.beauvais.fr\/wp-content\/uploads\/2022\/03\/20220323_132731-1-scaled.jpg\" alt=\"\" width=\"302\" height=\"227\" srcset=\"https:\/\/ecospace.beauvais.fr\/wp-content\/uploads\/2022\/03\/20220323_132731-1-scaled.jpg 2560w, https:\/\/ecospace.beauvais.fr\/wp-content\/uploads\/2022\/03\/20220323_132731-1-300x225.jpg 300w, https:\/\/ecospace.beauvais.fr\/wp-content\/uploads\/2022\/03\/20220323_132731-1-1024x768.jpg 1024w, https:\/\/ecospace.beauvais.fr\/wp-content\/uploads\/2022\/03\/20220323_132731-1-768x576.jpg 768w, https:\/\/ecospace.beauvais.fr\/wp-content\/uploads\/2022\/03\/20220323_132731-1-1536x1152.jpg 1536w, https:\/\/ecospace.beauvais.fr\/wp-content\/uploads\/2022\/03\/20220323_132731-1-2048x1536.jpg 2048w\" sizes=\"(max-width: 302px) 100vw, 302px\" \/>Un projet municipal qui se construit depuis 2003 avec des associations.<\/p>\n<p style=\"padding-left: 40px;\">L\u2019Ecospace de la Mie au Roy est une structure de la Ville de Beauvais \u00e9tant une ancienne ferme en r\u00e9novation depuis 2004 par un chantier d\u2019insertion, elle a donc comme objectif de mener des actions d\u2019\u00e9ducation et sensibilisation au d\u00e9veloppement durable.<\/p>\n<p><span style=\"color: #ff0000;\"><strong>Le d\u00e9veloppement durable c\u2019est quoi ?<\/strong> <\/span><\/p>\n<p>Le d\u00e9veloppement durable est un mode de d\u00e9veloppement de la soci\u00e9t\u00e9 qui a pour principe de r\u00e9pondre aux besoins des g\u00e9n\u00e9rations pr\u00e9sentes sans <img loading=\"lazy\" decoding=\"async\" class=\"wp-image-1935 alignright\" src=\"https:\/\/ecospace.beauvais.fr\/wp-content\/uploads\/2022\/03\/Beauvais-2008.jpg\" alt=\"\" width=\"71\" height=\"71\" srcset=\"https:\/\/ecospace.beauvais.fr\/wp-content\/uploads\/2022\/03\/Beauvais-2008.jpg 1318w, https:\/\/ecospace.beauvais.fr\/wp-content\/uploads\/2022\/03\/Beauvais-2008-300x300.jpg 300w, https:\/\/ecospace.beauvais.fr\/wp-content\/uploads\/2022\/03\/Beauvais-2008-1024x1024.jpg 1024w, https:\/\/ecospace.beauvais.fr\/wp-content\/uploads\/2022\/03\/Beauvais-2008-170x170.jpg 170w, https:\/\/ecospace.beauvais.fr\/wp-content\/uploads\/2022\/03\/Beauvais-2008-768x768.jpg 768w, https:\/\/ecospace.beauvais.fr\/wp-content\/uploads\/2022\/03\/Beauvais-2008-90x90.jpg 90w, https:\/\/ecospace.beauvais.fr\/wp-content\/uploads\/2022\/03\/Beauvais-2008-75x75.jpg 75w\" sizes=\"(max-width: 71px) 100vw, 71px\" \/>compromettre l&rsquo;avenir des g\u00e9n\u00e9rations futures. Il s&rsquo;agit de concilier d\u00e9veloppement \u00e9conomique, harmonie sociale et protection de l&rsquo;environnement tout en impliquant la population dans le projet de soci\u00e9t\u00e9.<\/p>\n<p>Cette ancienne exploitation agricole, achet\u00e9e par la Ville de Beauvais en 1997, \u00e9tait nomm\u00e9e<span style=\"color: #008000;\"><strong> \u00ab\u00a0la Ferme de la Mie au Roy\u00a0\u00bb.<\/strong> <\/span><\/p>\n<p>Le site a \u00e9t\u00e9 rebaptis\u00e9 en 2007<strong><span style=\"color: #008000;\"> \u00ab\u00a0\u00c9cospace de la Mie au Roy\u00a0\u00bb<\/span><\/strong> entrant ainsi en r\u00e9sonance avec d\u2019autres \u00e9quipements beauvaisiens tels que :&nbsp;<\/p>\n<ul>\n<li style=\"list-style-type: none;\">\n<ul>\n<li><span style=\"color: #800080;\">l\u2019Aquaspace (\u00e9quipement de la Communaut\u00e9 d&rsquo;Agglom\u00e9ration du Beauvaisis)<\/span><\/li>\n<li><span style=\"color: #800080;\"> l\u2019Elispace (\u00e9quipement municipal)&nbsp;<\/span><\/li>\n<li><span style=\"color: #800080;\"> le Cinespace (\u00e9quipement priv\u00e9)<\/span><\/li>\n<\/ul>\n<\/li>\n<\/ul>\n\n<!-- divi:paragraph -->\n<p><\/p>\n<!-- \/divi:paragraph -->[\/et_pb_text][\/et_pb_column][\/et_pb_row][\/et_pb_section]\n","protected":false},"excerpt":{"rendered":"<p>Un projet municipal qui se construit depuis 2003 avec des&#8230;<\/p>\n","protected":false},"author":1,"featured_media":0,"parent":0,"menu_order":0,"comment_status":"closed","ping_status":"closed","template":"","meta":{"_et_pb_use_builder":"on","_et_pb_old_content":"<p style=\"padding-left: 40px;\"><img class=\"alignleft  wp-image-2015\" src=\"http:\/\/ecospace.beauvais.fr\/wp-content\/uploads\/2022\/03\/20220323_132731-1-scaled.jpg\" alt=\"\" width=\"302\" height=\"227\">Un projet municipal qui se construit depuis 2003 avec des associations.<\/p>\n<p style=\"padding-left: 40px;\">L\u2019Ecospace de la Mie au Roy est une structure de la Ville de Beauvais \u00e9tant une ancienne ferme en r\u00e9novation depuis 2004 par un chantier d\u2019insertion, elle a donc comme objectif de mener des actions d\u2019\u00e9ducation et sensibilisation au d\u00e9veloppement durable.<\/p>\n<p><span style=\"color: #ff0000;\"><strong>Le d\u00e9veloppement durable c\u2019est quoi ?<\/strong> <\/span><\/p>\n<p>Le d\u00e9veloppement durable est un mode de d\u00e9veloppement de la soci\u00e9t\u00e9 qui a pour principe de r\u00e9pondre aux besoins des g\u00e9n\u00e9rations pr\u00e9sentes sans <img class=\"wp-image-1935 alignright\" src=\"http:\/\/ecospace.beauvais.fr\/wp-content\/uploads\/2022\/03\/Beauvais-2008.jpg\" alt=\"\" width=\"71\" height=\"71\">compromettre l'avenir des g\u00e9n\u00e9rations futures. Il s'agit de concilier d\u00e9veloppement \u00e9conomique, harmonie sociale et protection de l'environnement tout en impliquant la population dans le projet de soci\u00e9t\u00e9.<\/p>\n<p>Cette ancienne exploitation agricole, achet\u00e9e par la Ville de Beauvais en 1997, \u00e9tait nomm\u00e9e<span style=\"color: #008000;\"><strong> \"la Ferme de la Mie au Roy\".<\/strong> <\/span><\/p>\n<p>Le site a \u00e9t\u00e9 rebaptis\u00e9 en 2007<strong><span style=\"color: #008000;\"> \"\u00c9cospace de la Mie au Roy\"<\/span><\/strong> entrant ainsi en r\u00e9sonance avec d\u2019autres \u00e9quipements beauvaisiens tels que :&nbsp;<\/p>\n<ul>\n<li style=\"list-style-type: none;\">\n<ul>\n<li><span style=\"color: #800080;\">l\u2019Aquaspace (\u00e9quipement de la Communaut\u00e9 d'Agglom\u00e9ration du Beauvaisis)<\/span><\/li>\n<li><span style=\"color: #800080;\"> l\u2019Elispace (\u00e9quipement municipal)&nbsp;<\/span><\/li>\n<li><span style=\"color: #800080;\"> le Cinespace (\u00e9quipement priv\u00e9)<\/span><\/li>\n<\/ul>\n<\/li>\n<\/ul>\n\n<!-- wp:paragraph -->\n<p><\/p>\n<!-- \/wp:paragraph -->","_et_gb_content_width":"","footnotes":""},"_links":{"self":[{"href":"https:\/\/ecospace.beauvais.fr\/index.php?rest_route=\/wp\/v2\/pages\/59"}],"collection":[{"href":"https:\/\/ecospace.beauvais.fr\/index.php?rest_route=\/wp\/v2\/pages"}],"about":[{"href":"https:\/\/ecospace.beauvais.fr\/index.php?rest_route=\/wp\/v2\/types\/page"}],"author":[{"embeddable":true,"href":"https:\/\/ecospace.beauvais.fr\/index.php?rest_route=\/wp\/v2\/users\/1"}],"replies":[{"embeddable":true,"href":"https:\/\/ecospace.beauvais.fr\/index.php?rest_route=%2Fwp%2Fv2%2Fcomments&post=59"}],"version-history":[{"count":29,"href":"https:\/\/ecospace.beauvais.fr\/index.php?rest_route=\/wp\/v2\/pages\/59\/revisions"}],"predecessor-version":[{"id":2281,"href":"https:\/\/ecospace.beauvais.fr\/index.php?rest_route=\/wp\/v2\/pages\/59\/revisions\/2281"}],"wp:attachment":[{"href":"https:\/\/ecospace.beauvais.fr\/index.php?rest_route=%2Fwp%2Fv2%2Fmedia&parent=59"}],"curies":[{"name":"wp","href":"https:\/\/api.w.org\/{rel}","templated":true}]}}