{"id":794,"date":"2013-07-16T15:03:55","date_gmt":"2013-07-16T14:03:55","guid":{"rendered":"http:\/\/ecospace.beauvais.fr\/?page_id=794"},"modified":"2024-11-19T15:23:47","modified_gmt":"2024-11-19T14:23:47","slug":"jardins-durables-de-la-mie-au-roy","status":"publish","type":"page","link":"https:\/\/ecospace.beauvais.fr\/?page_id=794","title":{"rendered":"Jardins durables de la Mie au Roy"},"content":{"rendered":"<p><span style=\"font-family: 'trebuchet ms', sans-serif; font-size: 16px; font-style: normal; font-variant-ligatures: normal; font-variant-caps: normal; font-weight: 400; letter-spacing: normal; orphans: 2; text-align: start; text-indent: 0px; text-transform: none; white-space: normal; widows: 2; word-spacing: 0px; -webkit-text-stroke-width: 0px; text-decoration-thickness: initial; text-decoration-style: initial; text-decoration-color: initial; color: #000080; background-color: #ffffff; float: none; display: inline;\" data-olk-copy-source=\"MessageBody\">L&rsquo;association dite\u00a0 \u00ab\u00a0Les\u00a0<span class=\"markkftqaunql\" data-markjs=\"true\" data-ogac=\"\" data-ogab=\"\" data-ogsc=\"\" data-ogsb=\"\">Jardins<\/span>\u00a0<span class=\"mark0xzxm96rk\" data-markjs=\"true\" data-ogac=\"\" data-ogab=\"\" data-ogsc=\"\" data-ogsb=\"\">durables<\/span>\u00a0de la Mie au Roy\u00a0\u00bb est un regroupement de jardiniers ayant le go\u00fbt et la pratique du jardinage respectueux de l&rsquo;environnement, et qui interdit notamment l&rsquo;utilisation de produits phytosanitaires. Le jardin est situ\u00e9 sur le site de l&rsquo;Ecospace Rue de la Mie au Roy, et est divis\u00e9 en 19 parcelles (dont une accessible aux personnes en situation de handicap<\/span><span style=\"font-family: 'trebuchet ms', sans-serif; font-size: 16px; font-style: normal; font-variant-ligatures: normal; font-variant-caps: normal; font-weight: 400; letter-spacing: normal; orphans: 2; text-align: start; text-indent: 0px; text-transform: none; white-space: normal; widows: 2; word-spacing: 0px; -webkit-text-stroke-width: 0px; text-decoration-thickness: initial; text-decoration-style: initial; text-decoration-color: initial; color: #000080; background-color: #ffffff; float: none; display: inline;\">) o\u00f9 chaque jardinier peut produire ses fruits et l\u00e9gumes, et est invit\u00e9 \u00e0 exp\u00e9rimenter de nouvelles techniques culturales telles que la permaculture, le paillage, le non labour, etc.<\/span><\/p>\n<p><span style=\"font-family: 'trebuchet ms', sans-serif; font-size: 16px; font-style: normal; font-variant-ligatures: normal; font-variant-caps: normal; font-weight: 400; letter-spacing: normal; orphans: 2; text-align: start; text-indent: 0px; text-transform: none; white-space: normal; widows: 2; word-spacing: 0px; -webkit-text-stroke-width: 0px; text-decoration-thickness: initial; text-decoration-style: initial; text-decoration-color: initial; color: #000080; background-color: #ffffff; float: none; display: inline;\">Plusieurs parcelles sont \u00e0 ce jour vacantes. Si vous souhaitez nous rejoindre, faire votre potager et participer \u00e0 la vie collective de l\u2019association, merci de nous contacter \u00e0 l&rsquo;adresse : <span id=\"x_OBJ_PREFIX_DWT709_ZmEmailObjectHandler\" style=\"color: #336699; text-decoration: none; cursor: pointer;\" role=\"link\"><span class=\"markkftqaunql\" data-markjs=\"true\" data-ogac=\"\" data-ogab=\"\" data-ogsc=\"\" data-ogsb=\"\">jardins<\/span>durablesmieauroy2005@gmail.com<\/span><\/span><\/p>\n<p><img loading=\"lazy\" decoding=\"async\" class=\"alignnone size-medium wp-image-798\" src=\"https:\/\/ecospace.beauvais.fr\/wp-content\/uploads\/2013\/07\/Jardins-durables-300x132.jpg\" alt=\"Jardins durables\" width=\"143\" height=\"71\" \/> <a href=\"https:\/\/www.facebook.com\/jardinsmieauroy\">Facebook<\/a><\/p>\n\n\n<figure class=\"wp-block-gallery has-nested-images columns-default is-cropped wp-block-gallery-1 is-layout-flex wp-block-gallery-is-layout-flex\">\n<figure class=\"wp-block-image size-large\"><img loading=\"lazy\" decoding=\"async\" width=\"683\" height=\"1024\" data-id=\"2990\" src=\"https:\/\/ecospace.beauvais.fr\/wp-content\/uploads\/2024\/10\/DSC_1043-1-683x1024.jpg\" alt=\"\" class=\"wp-image-2990\" srcset=\"https:\/\/ecospace.beauvais.fr\/wp-content\/uploads\/2024\/10\/DSC_1043-1-683x1024.jpg 683w, https:\/\/ecospace.beauvais.fr\/wp-content\/uploads\/2024\/10\/DSC_1043-1-200x300.jpg 200w, https:\/\/ecospace.beauvais.fr\/wp-content\/uploads\/2024\/10\/DSC_1043-1-768x1152.jpg 768w, https:\/\/ecospace.beauvais.fr\/wp-content\/uploads\/2024\/10\/DSC_1043-1-1365x2048.jpg 1365w, https:\/\/ecospace.beauvais.fr\/wp-content\/uploads\/2024\/10\/DSC_1043-1-scaled.jpg 1707w\" sizes=\"(max-width: 683px) 100vw, 683px\" \/><\/figure>\n\n\n\n<figure class=\"wp-block-image size-large\"><img loading=\"lazy\" decoding=\"async\" width=\"1024\" height=\"683\" data-id=\"2991\" src=\"https:\/\/ecospace.beauvais.fr\/wp-content\/uploads\/2024\/10\/DSC_1035-1-1024x683.jpg\" alt=\"\" class=\"wp-image-2991\" srcset=\"https:\/\/ecospace.beauvais.fr\/wp-content\/uploads\/2024\/10\/DSC_1035-1-1024x683.jpg 1024w, https:\/\/ecospace.beauvais.fr\/wp-content\/uploads\/2024\/10\/DSC_1035-1-300x200.jpg 300w, https:\/\/ecospace.beauvais.fr\/wp-content\/uploads\/2024\/10\/DSC_1035-1-768x512.jpg 768w, https:\/\/ecospace.beauvais.fr\/wp-content\/uploads\/2024\/10\/DSC_1035-1-2048x1365.jpg 2048w, https:\/\/ecospace.beauvais.fr\/wp-content\/uploads\/2024\/10\/DSC_1035-1-1080x720.jpg 1080w\" sizes=\"(max-width: 1024px) 100vw, 1024px\" \/><\/figure>\n\n\n\n<figure class=\"wp-block-image size-large\"><img loading=\"lazy\" decoding=\"async\" width=\"683\" height=\"1024\" data-id=\"2993\" src=\"https:\/\/ecospace.beauvais.fr\/wp-content\/uploads\/2024\/10\/DSC_1038-683x1024.jpg\" alt=\"\" class=\"wp-image-2993\" srcset=\"https:\/\/ecospace.beauvais.fr\/wp-content\/uploads\/2024\/10\/DSC_1038-683x1024.jpg 683w, https:\/\/ecospace.beauvais.fr\/wp-content\/uploads\/2024\/10\/DSC_1038-200x300.jpg 200w, https:\/\/ecospace.beauvais.fr\/wp-content\/uploads\/2024\/10\/DSC_1038-768x1152.jpg 768w, https:\/\/ecospace.beauvais.fr\/wp-content\/uploads\/2024\/10\/DSC_1038-1365x2048.jpg 1365w, https:\/\/ecospace.beauvais.fr\/wp-content\/uploads\/2024\/10\/DSC_1038-scaled.jpg 1707w\" sizes=\"(max-width: 683px) 100vw, 683px\" \/><\/figure>\n\n\n\n<figure class=\"wp-block-image size-large\"><img loading=\"lazy\" decoding=\"async\" width=\"683\" height=\"1024\" data-id=\"2992\" src=\"https:\/\/ecospace.beauvais.fr\/wp-content\/uploads\/2024\/10\/DSC_1040-683x1024.jpg\" alt=\"\" class=\"wp-image-2992\" srcset=\"https:\/\/ecospace.beauvais.fr\/wp-content\/uploads\/2024\/10\/DSC_1040-683x1024.jpg 683w, https:\/\/ecospace.beauvais.fr\/wp-content\/uploads\/2024\/10\/DSC_1040-200x300.jpg 200w, https:\/\/ecospace.beauvais.fr\/wp-content\/uploads\/2024\/10\/DSC_1040-768x1152.jpg 768w, https:\/\/ecospace.beauvais.fr\/wp-content\/uploads\/2024\/10\/DSC_1040-1365x2048.jpg 1365w, https:\/\/ecospace.beauvais.fr\/wp-content\/uploads\/2024\/10\/DSC_1040-scaled.jpg 1707w\" sizes=\"(max-width: 683px) 100vw, 683px\" \/><\/figure>\n<\/figure>\n","protected":false},"excerpt":{"rendered":"<p>L&rsquo;association dite\u00a0 \u00ab\u00a0Les\u00a0Jardins\u00a0durables\u00a0de la Mie au Roy\u00a0\u00bb est un regroupement de jardiniers ayant le go\u00fbt et la pratique du jardinage respectueux de l&rsquo;environnement, et qui interdit notamment l&rsquo;utilisation de produits phytosanitaires. Le jardin est situ\u00e9 sur le site de l&rsquo;Ecospace Rue de la Mie au Roy, et est divis\u00e9 en 19 parcelles (dont une accessible aux personnes en situation de<\/p>\n","protected":false},"author":1,"featured_media":0,"parent":0,"menu_order":0,"comment_status":"closed","ping_status":"closed","template":"","meta":{"_et_pb_use_builder":"","_et_pb_old_content":"","_et_gb_content_width":"","footnotes":""},"_links":{"self":[{"href":"https:\/\/ecospace.beauvais.fr\/index.php?rest_route=\/wp\/v2\/pages\/794"}],"collection":[{"href":"https:\/\/ecospace.beauvais.fr\/index.php?rest_route=\/wp\/v2\/pages"}],"about":[{"href":"https:\/\/ecospace.beauvais.fr\/index.php?rest_route=\/wp\/v2\/types\/page"}],"author":[{"embeddable":true,"href":"https:\/\/ecospace.beauvais.fr\/index.php?rest_route=\/wp\/v2\/users\/1"}],"replies":[{"embeddable":true,"href":"https:\/\/ecospace.beauvais.fr\/index.php?rest_route=%2Fwp%2Fv2%2Fcomments&post=794"}],"version-history":[{"count":9,"href":"https:\/\/ecospace.beauvais.fr\/index.php?rest_route=\/wp\/v2\/pages\/794\/revisions"}],"predecessor-version":[{"id":3032,"href":"https:\/\/ecospace.beauvais.fr\/index.php?rest_route=\/wp\/v2\/pages\/794\/revisions\/3032"}],"wp:attachment":[{"href":"https:\/\/ecospace.beauvais.fr\/index.php?rest_route=%2Fwp%2Fv2%2Fmedia&parent=794"}],"curies":[{"name":"wp","href":"https:\/\/api.w.org\/{rel}","templated":true}]}}